{"id":17978,"date":"2024-10-22T15:34:42","date_gmt":"2024-10-22T06:34:42","guid":{"rendered":"https:\/\/ntkcuttingtools.com\/unternehmensinformationen\/"},"modified":"2025-11-07T11:44:41","modified_gmt":"2025-11-07T02:44:41","slug":"information","status":"publish","type":"page","link":"https:\/\/ntkcuttingtools.com\/de\/ueber\/information\/","title":{"rendered":"Unternehmensinformationen"},"content":{"rendered":"\t\t<div data-elementor-type=\"wp-page\" data-elementor-id=\"17978\" class=\"elementor elementor-17978 elementor-24\" data-elementor-post-type=\"page\">\n\t\t\t\t<div class=\"elementor-element elementor-element-8a6e470 e-con-full e-flex e-con e-parent\" data-id=\"8a6e470\" data-element_type=\"container\" data-e-type=\"container\" data-settings=\"{&quot;background_background&quot;:&quot;classic&quot;}\">\n\t\t<div class=\"elementor-element elementor-element-1cc6e53 e-flex e-con-boxed e-con e-child\" data-id=\"1cc6e53\" data-element_type=\"container\" data-e-type=\"container\">\n\t\t\t\t\t<div class=\"e-con-inner\">\n\t\t\t\t<div class=\"elementor-element elementor-element-b26aa71 elementor-widget elementor-widget-heading\" data-id=\"b26aa71\" data-element_type=\"widget\" data-e-type=\"widget\" data-widget_type=\"heading.default\">\n\t\t\t\t\t<p class=\"elementor-heading-title elementor-size-default\">Gliederung des Unternehmens<\/p>\t\t\t\t<\/div>\n\t\t\t\t\t<\/div>\n\t\t\t\t<\/div>\n\t\t\t\t<\/div>\n\t\t<div class=\"elementor-element elementor-element-bfc66cd e-flex e-con-boxed e-con e-parent\" data-id=\"bfc66cd\" data-element_type=\"container\" data-e-type=\"container\">\n\t\t\t\t\t<div class=\"e-con-inner\">\n\t\t\t\t<div class=\"elementor-element elementor-element-9b94d7b elementor-widget elementor-widget-breadcrumbs\" data-id=\"9b94d7b\" data-element_type=\"widget\" data-e-type=\"widget\" data-widget_type=\"breadcrumbs.default\">\n\t\t\t\t\t<span id=\"breadcrumbs\"><span><span><a href=\"https:\/\/ntkcuttingtools.com\/de\/\">Startseite<\/a><\/span><\/span><\/span>\t\t\t\t<\/div>\n\t\t\t\t\t<\/div>\n\t\t\t\t<\/div>\n\t\t<div class=\"elementor-element elementor-element-ac891f0 e-flex e-con-boxed e-con e-parent\" data-id=\"ac891f0\" data-element_type=\"container\" data-e-type=\"container\" data-settings=\"{&quot;background_background&quot;:&quot;classic&quot;}\">\n\t\t\t\t\t<div class=\"e-con-inner\">\n\t\t<div class=\"elementor-element elementor-element-382651b e-con-full e-flex e-con e-child\" data-id=\"382651b\" data-element_type=\"container\" data-e-type=\"container\">\n\t\t\t\t<div class=\"elementor-element elementor-element-aafbcd2 elementor-widget elementor-widget-heading\" data-id=\"aafbcd2\" data-element_type=\"widget\" data-e-type=\"widget\" data-widget_type=\"heading.default\">\n\t\t\t\t\t<h3 class=\"elementor-heading-title elementor-size-default\">Gliederung des Unternehmens<\/h3>\t\t\t\t<\/div>\n\t\t\t\t<\/div>\n\t\t\t\t<div class=\"elementor-element elementor-element-40263ec elementor-widget elementor-widget-spacer\" data-id=\"40263ec\" data-element_type=\"widget\" data-e-type=\"widget\" data-widget_type=\"spacer.default\">\n\t\t\t\t\t\t\t<div class=\"elementor-spacer\">\n\t\t\t<div class=\"elementor-spacer-inner\"><\/div>\n\t\t<\/div>\n\t\t\t\t\t\t<\/div>\n\t\t<div class=\"elementor-element elementor-element-aec0c2f e-con-full e-flex e-con e-child\" data-id=\"aec0c2f\" data-element_type=\"container\" data-e-type=\"container\">\n\t\t<div class=\"elementor-element elementor-element-fce81db e-con-full e-flex e-con e-child\" data-id=\"fce81db\" data-element_type=\"container\" data-e-type=\"container\">\n\t\t\t\t<div class=\"elementor-element elementor-element-86bf3fa elementor-widget elementor-widget-heading\" data-id=\"86bf3fa\" data-element_type=\"widget\" data-e-type=\"widget\" data-widget_type=\"heading.default\">\n\t\t\t\t\t<h6 class=\"elementor-heading-title elementor-size-default\">Name des Unternehmens<\/h6>\t\t\t\t<\/div>\n\t\t\t\t<\/div>\n\t\t<div class=\"elementor-element elementor-element-2ea8fea e-con-full e-flex e-con e-child\" data-id=\"2ea8fea\" data-element_type=\"container\" data-e-type=\"container\">\n\t\t\t\t<div class=\"elementor-element elementor-element-e890a28 elementor-widget elementor-widget-text-editor\" data-id=\"e890a28\" data-element_type=\"widget\" data-e-type=\"widget\" data-widget_type=\"text-editor.default\">\n\t\t\t\t\t\t\t\t\t<p>NTK CUTTING TOOLS Co, Ltd.<\/p>\t\t\t\t\t\t\t\t<\/div>\n\t\t\t\t<\/div>\n\t\t\t\t<\/div>\n\t\t<div class=\"elementor-element elementor-element-9ac05b3 e-con-full e-flex e-con e-child\" data-id=\"9ac05b3\" data-element_type=\"container\" data-e-type=\"container\">\n\t\t<div class=\"elementor-element elementor-element-9c08490 e-con-full e-flex e-con e-child\" data-id=\"9c08490\" data-element_type=\"container\" data-e-type=\"container\">\n\t\t\t\t<div class=\"elementor-element elementor-element-34cefc6 elementor-widget elementor-widget-heading\" data-id=\"34cefc6\" data-element_type=\"widget\" data-e-type=\"widget\" data-widget_type=\"heading.default\">\n\t\t\t\t\t<h6 class=\"elementor-heading-title elementor-size-default\">Gegr\u00fcndet<\/h6>\t\t\t\t<\/div>\n\t\t\t\t<\/div>\n\t\t<div class=\"elementor-element elementor-element-3e2ff92 e-con-full e-flex e-con e-child\" data-id=\"3e2ff92\" data-element_type=\"container\" data-e-type=\"container\">\n\t\t\t\t<div class=\"elementor-element elementor-element-c705479 elementor-widget elementor-widget-text-editor\" data-id=\"c705479\" data-element_type=\"widget\" data-e-type=\"widget\" data-widget_type=\"text-editor.default\">\n\t\t\t\t\t\t\t\t\t<p>21. Dezember 2020<\/p>\t\t\t\t\t\t\t\t<\/div>\n\t\t\t\t<\/div>\n\t\t\t\t<\/div>\n\t\t<div class=\"elementor-element elementor-element-735dc3c e-con-full e-flex e-con e-child\" data-id=\"735dc3c\" data-element_type=\"container\" data-e-type=\"container\">\n\t\t<div class=\"elementor-element elementor-element-68da764 e-con-full e-flex e-con e-child\" data-id=\"68da764\" data-element_type=\"container\" data-e-type=\"container\">\n\t\t\t\t<div class=\"elementor-element elementor-element-9b09af0 elementor-widget elementor-widget-heading\" data-id=\"9b09af0\" data-element_type=\"widget\" data-e-type=\"widget\" data-widget_type=\"heading.default\">\n\t\t\t\t\t<h6 class=\"elementor-heading-title elementor-size-default\">Kapital<\/h6>\t\t\t\t<\/div>\n\t\t\t\t<\/div>\n\t\t<div class=\"elementor-element elementor-element-04c40de e-con-full e-flex e-con e-child\" data-id=\"04c40de\" data-element_type=\"container\" data-e-type=\"container\">\n\t\t\t\t<div class=\"elementor-element elementor-element-c7ea54b elementor-widget elementor-widget-text-editor\" data-id=\"c7ea54b\" data-element_type=\"widget\" data-e-type=\"widget\" data-widget_type=\"text-editor.default\">\n\t\t\t\t\t\t\t\t\t<p>310 Millionen Yen<\/p>\t\t\t\t\t\t\t\t<\/div>\n\t\t\t\t<\/div>\n\t\t\t\t<\/div>\n\t\t<div class=\"elementor-element elementor-element-8899e58 e-con-full e-flex e-con e-child\" data-id=\"8899e58\" data-element_type=\"container\" data-e-type=\"container\">\n\t\t<div class=\"elementor-element elementor-element-47a25a8 e-con-full e-flex e-con e-child\" data-id=\"47a25a8\" data-element_type=\"container\" data-e-type=\"container\">\n\t\t\t\t<div class=\"elementor-element elementor-element-73aa197 elementor-widget elementor-widget-heading\" data-id=\"73aa197\" data-element_type=\"widget\" data-e-type=\"widget\" data-widget_type=\"heading.default\">\n\t\t\t\t\t<h6 class=\"elementor-heading-title elementor-size-default\">Vertreter<\/h6>\t\t\t\t<\/div>\n\t\t\t\t<\/div>\n\t\t<div class=\"elementor-element elementor-element-a0d5072 e-con-full e-flex e-con e-child\" data-id=\"a0d5072\" data-element_type=\"container\" data-e-type=\"container\">\n\t\t\t\t<div class=\"elementor-element elementor-element-3a1539d elementor-widget elementor-widget-text-editor\" data-id=\"3a1539d\" data-element_type=\"widget\" data-e-type=\"widget\" data-widget_type=\"text-editor.default\">\n\t\t\t\t\t\t\t\t\t<p>Keisuke Makino<br>Repr\u00e4sentativer Direktor und Pr\u00e4sident<\/p>\t\t\t\t\t\t\t\t<\/div>\n\t\t\t\t<\/div>\n\t\t\t\t<\/div>\n\t\t<div class=\"elementor-element elementor-element-f9a033b e-con-full e-flex e-con e-child\" data-id=\"f9a033b\" data-element_type=\"container\" data-e-type=\"container\">\n\t\t<div class=\"elementor-element elementor-element-28aaa79 e-con-full e-flex e-con e-child\" data-id=\"28aaa79\" data-element_type=\"container\" data-e-type=\"container\">\n\t\t\t\t<div class=\"elementor-element elementor-element-6cb37d7 elementor-widget elementor-widget-heading\" data-id=\"6cb37d7\" data-element_type=\"widget\" data-e-type=\"widget\" data-widget_type=\"heading.default\">\n\t\t\t\t\t<h6 class=\"elementor-heading-title elementor-size-default\">Hauptsitz<\/h6>\t\t\t\t<\/div>\n\t\t\t\t<\/div>\n\t\t<div class=\"elementor-element elementor-element-35cf6ce e-con-full e-flex e-con e-child\" data-id=\"35cf6ce\" data-element_type=\"container\" data-e-type=\"container\">\n\t\t\t\t<div class=\"elementor-element elementor-element-97310f9 elementor-widget elementor-widget-text-editor\" data-id=\"97310f9\" data-element_type=\"widget\" data-e-type=\"widget\" data-widget_type=\"text-editor.default\">\n\t\t\t\t\t\t\t\t\t<p>2808 Iwazaki Komaki-City, Aichi 485-8510, Japan<a href=\"https:\/\/www.google.com\/maps\/place\/%E6%97%A5%E6%9C%AC%E7%89%B9%E6%AE%8A%E9%99%B6%E6%A5%AD%E6%A0%AA%E5%BC%8F%E4%BC%9A%E7%A4%BE+%E5%B0%8F%E7%89%A7%E5%B7%A5%E5%A0%B4+N-FOREST\/@35.3138554,136.9201595,18z\/data=!4m6!3m5!1s0x60030c929465484b:0x8461124980353753!8m2!3d35.3136045!4d136.9206343!16s%2Fg%2F11ggsn7mc_?coh=164777&amp;entry=tt&amp;shorturl=1\" target=\"_blank\" rel=\"noopener\">[MAP<\/a>]<\/p>\t\t\t\t\t\t\t\t<\/div>\n\t\t\t\t<\/div>\n\t\t\t\t<\/div>\n\t\t<div class=\"elementor-element elementor-element-9c98d68 e-con-full e-flex e-con e-child\" data-id=\"9c98d68\" data-element_type=\"container\" data-e-type=\"container\">\n\t\t<div class=\"elementor-element elementor-element-a32102c e-con-full e-flex e-con e-child\" data-id=\"a32102c\" data-element_type=\"container\" data-e-type=\"container\">\n\t\t\t\t<div class=\"elementor-element elementor-element-d474b1d elementor-widget elementor-widget-heading\" data-id=\"d474b1d\" data-element_type=\"widget\" data-e-type=\"widget\" data-widget_type=\"heading.default\">\n\t\t\t\t\t<h6 class=\"elementor-heading-title elementor-size-default\">Mitarbeiter<\/h6>\t\t\t\t<\/div>\n\t\t\t\t<\/div>\n\t\t<div class=\"elementor-element elementor-element-54a9ea4 e-con-full e-flex e-con e-child\" data-id=\"54a9ea4\" data-element_type=\"container\" data-e-type=\"container\">\n\t\t\t\t<div class=\"elementor-element elementor-element-fe0304f elementor-widget elementor-widget-text-editor\" data-id=\"fe0304f\" data-element_type=\"widget\" data-e-type=\"widget\" data-widget_type=\"text-editor.default\">\n\t\t\t\t\t\t\t\t\t<p>377 (Stand: November 2023)<\/p>\t\t\t\t\t\t\t\t<\/div>\n\t\t\t\t<\/div>\n\t\t\t\t<\/div>\n\t\t<div class=\"elementor-element elementor-element-a9d16d0 e-con-full e-flex e-con e-child\" data-id=\"a9d16d0\" data-element_type=\"container\" data-e-type=\"container\">\n\t\t<div class=\"elementor-element elementor-element-d0acfc6 e-con-full e-flex e-con e-child\" data-id=\"d0acfc6\" data-element_type=\"container\" data-e-type=\"container\">\n\t\t\t\t<div class=\"elementor-element elementor-element-d35a195 elementor-widget elementor-widget-heading\" data-id=\"d35a195\" data-element_type=\"widget\" data-e-type=\"widget\" data-widget_type=\"heading.default\">\n\t\t\t\t\t<h6 class=\"elementor-heading-title elementor-size-default\">Gesch\u00e4ft<\/h6>\t\t\t\t<\/div>\n\t\t\t\t<\/div>\n\t\t<div class=\"elementor-element elementor-element-45e1988 e-con-full e-flex e-con e-child\" data-id=\"45e1988\" data-element_type=\"container\" data-e-type=\"container\">\n\t\t\t\t<div class=\"elementor-element elementor-element-ab2a547 elementor-widget elementor-widget-text-editor\" data-id=\"ab2a547\" data-element_type=\"widget\" data-e-type=\"widget\" data-widget_type=\"text-editor.default\">\n\t\t\t\t\t\t\t\t\t<p>Herstellung und Verkauf von Zerspanungswerkzeugen<\/p>\t\t\t\t\t\t\t\t<\/div>\n\t\t\t\t<\/div>\n\t\t\t\t<\/div>\n\t\t<div class=\"elementor-element elementor-element-27bc4df e-con-full e-flex e-con e-child\" data-id=\"27bc4df\" data-element_type=\"container\" data-e-type=\"container\">\n\t\t<div class=\"elementor-element elementor-element-f3b0659 e-con-full e-flex e-con e-child\" data-id=\"f3b0659\" data-element_type=\"container\" data-e-type=\"container\">\n\t\t\t\t<div class=\"elementor-element elementor-element-fa65c85 elementor-widget elementor-widget-heading\" data-id=\"fa65c85\" data-element_type=\"widget\" data-e-type=\"widget\" data-widget_type=\"heading.default\">\n\t\t\t\t\t<h6 class=\"elementor-heading-title elementor-size-default\">Inl\u00e4ndische Zweigstelle<\/h6>\t\t\t\t<\/div>\n\t\t\t\t<\/div>\n\t\t<div class=\"elementor-element elementor-element-2d4d584 e-con-full e-flex e-con e-child\" data-id=\"2d4d584\" data-element_type=\"container\" data-e-type=\"container\">\n\t\t\t\t<div class=\"elementor-element elementor-element-66b8896 elementor-widget elementor-widget-text-editor\" data-id=\"66b8896\" data-element_type=\"widget\" data-e-type=\"widget\" data-widget_type=\"text-editor.default\">\n\t\t\t\t\t\t\t\t\t<p>Niederlassung im Inland :<br \/>Tokio, Saitama, Osaka, Nagoya, Hamamatsu, Hiroshima, Fukuoka, Sendai, Nagano<br \/>Niederlassung in \u00dcbersee :<br \/>Asien, Nordamerika, Mittel- und S\u00fcdamerika, Europa<\/p><p><a href=\"https:\/\/ntkcuttingtools.com\/de\/ueber\/netzwerk\/\">Globale Netzwerke Zugang<\/a><\/p>\t\t\t\t\t\t\t\t<\/div>\n\t\t\t\t<\/div>\n\t\t\t\t<\/div>\n\t\t\t\t\t<\/div>\n\t\t\t\t<\/div>\n\t\t\t\t<\/div>\n\t\t","protected":false},"excerpt":{"rendered":"<p>Gliederung des Unternehmens Gliederung des Unternehmens Name des Unternehmens NTK CUTTING TOOLS Co, Ltd. Gegr\u00fcndet 21. Dezember 2020 Kapital 310 Millionen Yen Vertreter Keisuke MakinoRepr\u00e4sentativer Direktor und Pr\u00e4sident Hauptsitz 2808 Iwazaki Komaki-City, Aichi 485-8510, Japan[MAP] Mitarbeiter 377 (Stand: November 2023) Gesch\u00e4ft Herstellung und Verkauf von Zerspanungswerkzeugen Inl\u00e4ndische Zweigstelle Niederlassung im Inland :Tokio, Saitama, Osaka, Nagoya, [&hellip;]<\/p>\n","protected":false},"author":2,"featured_media":0,"parent":18156,"menu_order":0,"comment_status":"closed","ping_status":"closed","template":"","meta":{"_acf_changed":false,"footnotes":""},"class_list":["post-17978","page","type-page","status-publish","hentry"],"acf":[],"yoast_head":"<!-- This site is optimized with the Yoast SEO plugin v27.3 - https:\/\/yoast.com\/product\/yoast-seo-wordpress\/ -->\n<title>Unternehmensinformationen - NTK Cutting Tools<\/title>\n<meta name=\"robots\" content=\"index, follow, max-snippet:-1, max-image-preview:large, max-video-preview:-1\" \/>\n<link rel=\"canonical\" href=\"https:\/\/ntkcuttingtools.com\/de\/ueber\/information\/\" \/>\n<meta property=\"og:locale\" content=\"de_DE\" \/>\n<meta property=\"og:type\" content=\"article\" \/>\n<meta property=\"og:title\" content=\"Unternehmensinformationen - NTK Cutting Tools\" \/>\n<meta property=\"og:description\" content=\"Gliederung des Unternehmens Gliederung des Unternehmens Name des Unternehmens NTK CUTTING TOOLS Co, Ltd. Gegr\u00fcndet 21. Dezember 2020 Kapital 310 Millionen Yen Vertreter Keisuke MakinoRepr\u00e4sentativer Direktor und Pr\u00e4sident Hauptsitz 2808 Iwazaki Komaki-City, Aichi 485-8510, Japan[MAP] Mitarbeiter 377 (Stand: November 2023) Gesch\u00e4ft Herstellung und Verkauf von Zerspanungswerkzeugen Inl\u00e4ndische Zweigstelle Niederlassung im Inland :Tokio, Saitama, Osaka, Nagoya, [&hellip;]\" \/>\n<meta property=\"og:url\" content=\"https:\/\/ntkcuttingtools.com\/de\/ueber\/information\/\" \/>\n<meta property=\"og:site_name\" content=\"NTK Cutting Tools\" \/>\n<meta property=\"article:publisher\" content=\"https:\/\/www.facebook.com\/TungaloyNTK\" \/>\n<meta property=\"article:modified_time\" content=\"2025-11-07T02:44:41+00:00\" \/>\n<meta name=\"twitter:card\" content=\"summary_large_image\" \/>\n<meta name=\"twitter:label1\" content=\"Est. reading time\" \/>\n\t<meta name=\"twitter:data1\" content=\"1 minute\" \/>\n<script type=\"application\/ld+json\" class=\"yoast-schema-graph\">{\"@context\":\"https:\\\/\\\/schema.org\",\"@graph\":[{\"@type\":\"WebPage\",\"@id\":\"https:\\\/\\\/ntkcuttingtools.com\\\/de\\\/ueber\\\/information\\\/\",\"url\":\"https:\\\/\\\/ntkcuttingtools.com\\\/de\\\/ueber\\\/information\\\/\",\"name\":\"Unternehmensinformationen - NTK Cutting Tools\",\"isPartOf\":{\"@id\":\"https:\\\/\\\/ntkcuttingtools.com\\\/de\\\/#website\"},\"datePublished\":\"2024-10-22T06:34:42+00:00\",\"dateModified\":\"2025-11-07T02:44:41+00:00\",\"breadcrumb\":{\"@id\":\"https:\\\/\\\/ntkcuttingtools.com\\\/de\\\/ueber\\\/information\\\/#breadcrumb\"},\"inLanguage\":\"de-DE\",\"potentialAction\":[{\"@type\":\"ReadAction\",\"target\":[\"https:\\\/\\\/ntkcuttingtools.com\\\/de\\\/ueber\\\/information\\\/\"]}]},{\"@type\":\"BreadcrumbList\",\"@id\":\"https:\\\/\\\/ntkcuttingtools.com\\\/de\\\/ueber\\\/information\\\/#breadcrumb\",\"itemListElement\":[{\"@type\":\"ListItem\",\"position\":1,\"name\":\"Startseite\",\"item\":\"https:\\\/\\\/ntkcuttingtools.com\\\/de\\\/\"},{\"@type\":\"ListItem\",\"position\":2,\"name\":\"\u00dcber NTK Cutting Tools\",\"item\":\"https:\\\/\\\/ntkcuttingtools.com\\\/de\\\/ueber\\\/\"},{\"@type\":\"ListItem\",\"position\":3,\"name\":\"Unternehmensinformationen\"}]},{\"@type\":\"WebSite\",\"@id\":\"https:\\\/\\\/ntkcuttingtools.com\\\/de\\\/#website\",\"url\":\"https:\\\/\\\/ntkcuttingtools.com\\\/de\\\/\",\"name\":\"NTK Cutting Tools\",\"description\":\"\",\"publisher\":{\"@id\":\"https:\\\/\\\/ntkcuttingtools.com\\\/de\\\/#organization\"},\"potentialAction\":[{\"@type\":\"SearchAction\",\"target\":{\"@type\":\"EntryPoint\",\"urlTemplate\":\"https:\\\/\\\/ntkcuttingtools.com\\\/de\\\/?s={search_term_string}\"},\"query-input\":{\"@type\":\"PropertyValueSpecification\",\"valueRequired\":true,\"valueName\":\"search_term_string\"}}],\"inLanguage\":\"de-DE\"},{\"@type\":\"Organization\",\"@id\":\"https:\\\/\\\/ntkcuttingtools.com\\\/de\\\/#organization\",\"name\":\"NTK Cutting Tools\",\"url\":\"https:\\\/\\\/ntkcuttingtools.com\\\/de\\\/\",\"logo\":{\"@type\":\"ImageObject\",\"inLanguage\":\"de-DE\",\"@id\":\"https:\\\/\\\/ntkcuttingtools.com\\\/de\\\/#\\\/schema\\\/logo\\\/image\\\/\",\"url\":\"https:\\\/\\\/ntkcuttingtools.com\\\/wpdata\\\/wp-content\\\/uploads\\\/2024\\\/11\\\/favicon.png\",\"contentUrl\":\"https:\\\/\\\/ntkcuttingtools.com\\\/wpdata\\\/wp-content\\\/uploads\\\/2024\\\/11\\\/favicon.png\",\"width\":512,\"height\":512,\"caption\":\"NTK Cutting Tools\"},\"image\":{\"@id\":\"https:\\\/\\\/ntkcuttingtools.com\\\/de\\\/#\\\/schema\\\/logo\\\/image\\\/\"},\"sameAs\":[\"https:\\\/\\\/www.facebook.com\\\/TungaloyNTK\",\"https:\\\/\\\/www.linkedin.com\\\/company\\\/tungaloyntkamerica\\\/\",\"https:\\\/\\\/www.instagram.com\\\/tungaloyntkamerica\\\/\",\"https:\\\/\\\/www.youtube.com\\\/user\\\/NTKCUTTINGTOOLS\"]}]}<\/script>\n<!-- \/ Yoast SEO plugin. -->","yoast_head_json":{"title":"Unternehmensinformationen - NTK Cutting Tools","robots":{"index":"index","follow":"follow","max-snippet":"max-snippet:-1","max-image-preview":"max-image-preview:large","max-video-preview":"max-video-preview:-1"},"canonical":"https:\/\/ntkcuttingtools.com\/de\/ueber\/information\/","og_locale":"de_DE","og_type":"article","og_title":"Unternehmensinformationen - NTK Cutting Tools","og_description":"Gliederung des Unternehmens Gliederung des Unternehmens Name des Unternehmens NTK CUTTING TOOLS Co, Ltd. Gegr\u00fcndet 21. Dezember 2020 Kapital 310 Millionen Yen Vertreter Keisuke MakinoRepr\u00e4sentativer Direktor und Pr\u00e4sident Hauptsitz 2808 Iwazaki Komaki-City, Aichi 485-8510, Japan[MAP] Mitarbeiter 377 (Stand: November 2023) Gesch\u00e4ft Herstellung und Verkauf von Zerspanungswerkzeugen Inl\u00e4ndische Zweigstelle Niederlassung im Inland :Tokio, Saitama, Osaka, Nagoya, [&hellip;]","og_url":"https:\/\/ntkcuttingtools.com\/de\/ueber\/information\/","og_site_name":"NTK Cutting Tools","article_publisher":"https:\/\/www.facebook.com\/TungaloyNTK","article_modified_time":"2025-11-07T02:44:41+00:00","twitter_card":"summary_large_image","twitter_misc":{"Est. reading time":"1 minute"},"schema":{"@context":"https:\/\/schema.org","@graph":[{"@type":"WebPage","@id":"https:\/\/ntkcuttingtools.com\/de\/ueber\/information\/","url":"https:\/\/ntkcuttingtools.com\/de\/ueber\/information\/","name":"Unternehmensinformationen - NTK Cutting Tools","isPartOf":{"@id":"https:\/\/ntkcuttingtools.com\/de\/#website"},"datePublished":"2024-10-22T06:34:42+00:00","dateModified":"2025-11-07T02:44:41+00:00","breadcrumb":{"@id":"https:\/\/ntkcuttingtools.com\/de\/ueber\/information\/#breadcrumb"},"inLanguage":"de-DE","potentialAction":[{"@type":"ReadAction","target":["https:\/\/ntkcuttingtools.com\/de\/ueber\/information\/"]}]},{"@type":"BreadcrumbList","@id":"https:\/\/ntkcuttingtools.com\/de\/ueber\/information\/#breadcrumb","itemListElement":[{"@type":"ListItem","position":1,"name":"Startseite","item":"https:\/\/ntkcuttingtools.com\/de\/"},{"@type":"ListItem","position":2,"name":"\u00dcber NTK Cutting Tools","item":"https:\/\/ntkcuttingtools.com\/de\/ueber\/"},{"@type":"ListItem","position":3,"name":"Unternehmensinformationen"}]},{"@type":"WebSite","@id":"https:\/\/ntkcuttingtools.com\/de\/#website","url":"https:\/\/ntkcuttingtools.com\/de\/","name":"NTK Cutting Tools","description":"","publisher":{"@id":"https:\/\/ntkcuttingtools.com\/de\/#organization"},"potentialAction":[{"@type":"SearchAction","target":{"@type":"EntryPoint","urlTemplate":"https:\/\/ntkcuttingtools.com\/de\/?s={search_term_string}"},"query-input":{"@type":"PropertyValueSpecification","valueRequired":true,"valueName":"search_term_string"}}],"inLanguage":"de-DE"},{"@type":"Organization","@id":"https:\/\/ntkcuttingtools.com\/de\/#organization","name":"NTK Cutting Tools","url":"https:\/\/ntkcuttingtools.com\/de\/","logo":{"@type":"ImageObject","inLanguage":"de-DE","@id":"https:\/\/ntkcuttingtools.com\/de\/#\/schema\/logo\/image\/","url":"https:\/\/ntkcuttingtools.com\/wpdata\/wp-content\/uploads\/2024\/11\/favicon.png","contentUrl":"https:\/\/ntkcuttingtools.com\/wpdata\/wp-content\/uploads\/2024\/11\/favicon.png","width":512,"height":512,"caption":"NTK Cutting Tools"},"image":{"@id":"https:\/\/ntkcuttingtools.com\/de\/#\/schema\/logo\/image\/"},"sameAs":["https:\/\/www.facebook.com\/TungaloyNTK","https:\/\/www.linkedin.com\/company\/tungaloyntkamerica\/","https:\/\/www.instagram.com\/tungaloyntkamerica\/","https:\/\/www.youtube.com\/user\/NTKCUTTINGTOOLS"]}]}},"_links":{"self":[{"href":"https:\/\/ntkcuttingtools.com\/de\/wp-json\/wp\/v2\/pages\/17978","targetHints":{"allow":["GET"]}}],"collection":[{"href":"https:\/\/ntkcuttingtools.com\/de\/wp-json\/wp\/v2\/pages"}],"about":[{"href":"https:\/\/ntkcuttingtools.com\/de\/wp-json\/wp\/v2\/types\/page"}],"author":[{"embeddable":true,"href":"https:\/\/ntkcuttingtools.com\/de\/wp-json\/wp\/v2\/users\/2"}],"replies":[{"embeddable":true,"href":"https:\/\/ntkcuttingtools.com\/de\/wp-json\/wp\/v2\/comments?post=17978"}],"version-history":[{"count":5,"href":"https:\/\/ntkcuttingtools.com\/de\/wp-json\/wp\/v2\/pages\/17978\/revisions"}],"predecessor-version":[{"id":28973,"href":"https:\/\/ntkcuttingtools.com\/de\/wp-json\/wp\/v2\/pages\/17978\/revisions\/28973"}],"up":[{"embeddable":true,"href":"https:\/\/ntkcuttingtools.com\/de\/wp-json\/wp\/v2\/pages\/18156"}],"wp:attachment":[{"href":"https:\/\/ntkcuttingtools.com\/de\/wp-json\/wp\/v2\/media?parent=17978"}],"curies":[{"name":"wp","href":"https:\/\/api.w.org\/{rel}","templated":true}]}}