{"id":17983,"date":"2024-10-09T01:57:04","date_gmt":"2024-10-08T16:57:04","guid":{"rendered":"https:\/\/ntkcuttingtools.com\/datenschutzbestimmungen\/"},"modified":"2025-06-11T22:12:42","modified_gmt":"2025-06-11T13:12:42","slug":"datenschutz","status":"publish","type":"page","link":"https:\/\/ntkcuttingtools.com\/de\/ueber\/datenschutz\/","title":{"rendered":"Datenschutzbestimmungen"},"content":{"rendered":"\t\t<div data-elementor-type=\"wp-page\" data-elementor-id=\"17983\" class=\"elementor elementor-17983 elementor-3\" data-elementor-post-type=\"page\">\n\t\t\t\t<div class=\"elementor-element elementor-element-f6467d7 e-con-full e-flex e-con e-parent\" data-id=\"f6467d7\" data-element_type=\"container\" data-e-type=\"container\" data-settings=\"{&quot;background_background&quot;:&quot;classic&quot;}\">\n\t\t<div class=\"elementor-element elementor-element-0a38179 e-flex e-con-boxed e-con e-child\" data-id=\"0a38179\" data-element_type=\"container\" data-e-type=\"container\">\n\t\t\t\t\t<div class=\"e-con-inner\">\n\t\t\t\t<div class=\"elementor-element elementor-element-041a9ba elementor-widget elementor-widget-heading\" data-id=\"041a9ba\" data-element_type=\"widget\" data-e-type=\"widget\" data-widget_type=\"heading.default\">\n\t\t\t\t\t<p class=\"elementor-heading-title elementor-size-default\">Umgang mit pers\u00f6nlichen Informationen<\/p>\t\t\t\t<\/div>\n\t\t\t\t\t<\/div>\n\t\t\t\t<\/div>\n\t\t\t\t<\/div>\n\t\t<div class=\"elementor-element elementor-element-1286ccc e-flex e-con-boxed e-con e-parent\" data-id=\"1286ccc\" data-element_type=\"container\" data-e-type=\"container\">\n\t\t\t\t\t<div class=\"e-con-inner\">\n\t\t\t\t<div class=\"elementor-element elementor-element-81718f9 elementor-widget elementor-widget-breadcrumbs\" data-id=\"81718f9\" data-element_type=\"widget\" data-e-type=\"widget\" data-widget_type=\"breadcrumbs.default\">\n\t\t\t\t\t<span id=\"breadcrumbs\"><span><span><a href=\"https:\/\/ntkcuttingtools.com\/de\/\">Startseite<\/a><\/span><\/span><\/span>\t\t\t\t<\/div>\n\t\t\t\t\t<\/div>\n\t\t\t\t<\/div>\n\t\t<div class=\"elementor-element elementor-element-d5197c6 e-flex e-con-boxed e-con e-parent\" data-id=\"d5197c6\" data-element_type=\"container\" data-e-type=\"container\">\n\t\t\t\t\t<div class=\"e-con-inner\">\n\t\t<div class=\"elementor-element elementor-element-3334142 e-con-full e-flex e-con e-child\" data-id=\"3334142\" data-element_type=\"container\" data-e-type=\"container\">\n\t\t\t\t<div class=\"elementor-element elementor-element-70208e8 elementor-widget elementor-widget-heading\" data-id=\"70208e8\" data-element_type=\"widget\" data-e-type=\"widget\" data-widget_type=\"heading.default\">\n\t\t\t\t\t<h3 class=\"elementor-heading-title elementor-size-default\">Richtlinien zum Schutz von pers\u00f6nlichen Informationen<\/h3>\t\t\t\t<\/div>\n\t\t\t\t<\/div>\n\t\t\t\t<div class=\"elementor-element elementor-element-c84276e elementor-widget elementor-widget-text-editor\" data-id=\"c84276e\" data-element_type=\"widget\" data-e-type=\"widget\" data-widget_type=\"text-editor.default\">\n\t\t\t\t\t\t\t\t\t<p>NTK CUTTING TOOLS Co., Ltd. (im Folgenden umfassend als &#8220;unsere Gruppe&#8221; bezeichnet) sind sich der Bedeutung personenbezogener Daten bewusst, haben eine Datenschutzrichtlinie erstellt und halten sich strikt an diese Richtlinie, um eine ordnungsgem\u00e4\u00dfe Erfassung, Verwendung und sichere Verwaltung zu gew\u00e4hrleisten.<\/p>\t\t\t\t\t\t\t\t<\/div>\n\t\t\t\t<div class=\"elementor-element elementor-element-82e9371 elementor-widget-divider--view-line elementor-widget elementor-widget-divider\" data-id=\"82e9371\" data-element_type=\"widget\" data-e-type=\"widget\" data-widget_type=\"divider.default\">\n\t\t\t\t\t\t\t<div class=\"elementor-divider\">\n\t\t\t<span class=\"elementor-divider-separator\">\n\t\t\t\t\t\t<\/span>\n\t\t<\/div>\n\t\t\t\t\t\t<\/div>\n\t\t\t\t<div class=\"elementor-element elementor-element-886bcf3 elementor-widget elementor-widget-text-editor\" data-id=\"886bcf3\" data-element_type=\"widget\" data-e-type=\"widget\" data-widget_type=\"text-editor.default\">\n\t\t\t\t\t\t\t\t\t<h4>1. Pers\u00f6nliche Informationen<\/h4><p>In dieser Datenschutzerkl\u00e4rung bezieht sich der Begriff &#8220;Pers\u00f6nliche Daten&#8221; auf alle Informationen, die von Kunden von NTK CUTTING TOOLS und anderen an den Gesch\u00e4ftsaktivit\u00e4ten von NTK CUTTING TOOLS beteiligten Parteien (einschlie\u00dflich Gesch\u00e4ftspartnern, Aktion\u00e4ren, Mitarbeitern usw.; im Folgenden als &#8220;betroffene Partei&#8221; bezeichnet) zur Verf\u00fcgung gestellt werden, einschlie\u00dflich Name, Geburtsdatum, Alter, Beruf, Adresse, Telefonnummer, E-Mail-Adresse, IP-Adresse, Cookies, ID und alle anderen Informationen, durch die die betroffene Partei identifiziert werden kann.<\/p>\t\t\t\t\t\t\t\t<\/div>\n\t\t\t\t<div class=\"elementor-element elementor-element-d4c96a4 elementor-widget elementor-widget-text-editor\" data-id=\"d4c96a4\" data-element_type=\"widget\" data-e-type=\"widget\" data-widget_type=\"text-editor.default\">\n\t\t\t\t\t\t\t\t\t<h4>2. Angemessene Beschaffung von pers\u00f6nlichen Informationen<\/h4>\n<p>Unsere Gruppe erwirbt personenbezogene Daten des Betroffenen mit angemessenen und fairen Mitteln in dem Umfang, der f\u00fcr die gesch\u00e4ftliche Umsetzung unserer Gruppe erforderlich ist.<\/p>\t\t\t\t\t\t\t\t<\/div>\n\t\t\t\t<div class=\"elementor-element elementor-element-d923d39 elementor-widget elementor-widget-text-editor\" data-id=\"d923d39\" data-element_type=\"widget\" data-e-type=\"widget\" data-widget_type=\"text-editor.default\">\n\t\t\t\t\t\t\t\t\t<h4>3. Zweck der Verwendung pers\u00f6nlicher Informationen<\/h4><p>Unsere Gruppe verwendet personenbezogene Daten des Betroffenen nur zu den Zwecken, die dem Betroffenen zum Zeitpunkt des Erwerbs mitgeteilt wurden, oder zu den folgenden Verwendungszwecken:<br>(1) Bereitstellung und Wartung von Produkten und Dienstleistungen, mit denen unsere Gruppe handelt (im Folgenden die &#8220;Produkte usw.&#8221;);<br>(2) Planung, Entwicklung, Herstellung, Vertrieb und Installation der Produkte, etc;<br>(3) Bereitstellung von Produktinformationen, Material, Mustern zu den Produkten usw. sowie Bereitstellung\/Anleitung von Kampagnen und verschiedenen Veranstaltungen;<br>(4) Recherche und Analyse von Umfragen usw. zu den Produkten usw.;<br>(5) Beantwortung von Anfragen, R\u00fcckmeldungen und Bitten von Kunden;<br>(6) Gesch\u00e4ftskontakte mit Gesch\u00e4ftspartnern sowie Pflege und Aufbau von Gesch\u00e4ftsbeziehungen;<br>(7) Besch\u00e4ftigung von Mitarbeitern und Personalverwaltung; und<br>(8) Sozialleistungen f\u00fcr Mitarbeiter usw.<\/p>\t\t\t\t\t\t\t\t<\/div>\n\t\t\t\t<div class=\"elementor-element elementor-element-02a1ac4 elementor-widget elementor-widget-text-editor\" data-id=\"02a1ac4\" data-element_type=\"widget\" data-e-type=\"widget\" data-widget_type=\"text-editor.default\">\n\t\t\t\t\t\t\t\t\t<h4>4. Gemeinsame Nutzung von pers\u00f6nlichen Informationen<\/h4><p>Unsere Gruppe kann im Rahmen des unter 3. genannten Verwendungszwecks gemeinsam mit den Unternehmen unserer Gruppe alle Informationen \u00fcber Name, Adresse, Arbeitsort, Berufsbezeichnung, Kaufhistorie und Tendenz verwenden (pers\u00f6nliche Informationen von Aktion\u00e4ren sind jedoch ausgeschlossen); in Bezug auf die Mitarbeiter von NTK CUTTING TOOLS kann unsere Gruppe zus\u00e4tzlich zu den oben genannten Informationen Informationen \u00fcber die pers\u00f6nliche Geschichte, die Familienstruktur und Gesichtsfotos gemeinsam verwenden.<\/p><p><br>(1) Umfang der Parteien der gemeinsamen Nutzung<br>Unsere Konzerngesellschaften<br>(2) Verantwortliche Partei f\u00fcr die Verwaltung der pers\u00f6nlichen Daten<br>NTK CUTTING TOOLS Co. Abteilung f\u00fcr Personalwesen und allgemeine Angelegenheiten, Abteilung f\u00fcr Unternehmensverwaltung (siehe unten). Die Adresse und einen Vertreter finden Sie am Ende dieses Dokuments.)<\/p>\t\t\t\t\t\t\t\t<\/div>\n\t\t\t\t<div class=\"elementor-element elementor-element-d75c46f elementor-widget elementor-widget-text-editor\" data-id=\"d75c46f\" data-element_type=\"widget\" data-e-type=\"widget\" data-widget_type=\"text-editor.default\">\n\t\t\t\t\t\t\t\t\t<h4>5. Weitergabe von pers\u00f6nlichen Informationen an Dritte<\/h4><p>Unsere Gruppe stellt keine pers\u00f6nlichen Daten der betroffenen Partei zur Verf\u00fcgung oder legt sie offen, au\u00dfer wenn:<br>(1) die Zustimmung der betroffenen Partei zur Bereitstellung oder Offenlegung pers\u00f6nlicher Daten eingeholt wird;<br>(2) dies durch Gesetze und Vorschriften vorgeschrieben ist;<br>(3) die Handhabung der pers\u00f6nlichen Daten der betroffenen Partei in dem Umfang anvertraut wird, der zur Erreichung des Verwendungszwecks erforderlich ist;<br>(4) die Daten gemeinsam genutzt werden; und<br>(5) pers\u00f6nliche Daten als Ergebnis der Unternehmensnachfolge bei einer Fusion oder auf andere Weise zur Verf\u00fcgung gestellt werden<\/p>\t\t\t\t\t\t\t\t<\/div>\n\t\t\t\t<div class=\"elementor-element elementor-element-29e9c5a elementor-widget elementor-widget-text-editor\" data-id=\"29e9c5a\" data-element_type=\"widget\" data-e-type=\"widget\" data-widget_type=\"text-editor.default\">\n\t\t\t\t\t\t\t\t\t<h4>6. Anvertrauen von pers\u00f6nlichen Informationen<\/h4><p>Unsere Gruppe kann den Umgang mit personenbezogenen Daten der betroffenen Partei in dem Ma\u00dfe \u00fcbertragen, wie es zur Erreichung des Verwendungszwecks erforderlich ist; in diesem Fall ernennt und beaufsichtigt unsere Gruppe in angemessener Weise einen Treuh\u00e4nder, um die sichere Verwaltung der personenbezogenen Daten zu gew\u00e4hrleisten.<\/p>\t\t\t\t\t\t\t\t<\/div>\n\t\t\t\t<div class=\"elementor-element elementor-element-d06883b elementor-widget elementor-widget-text-editor\" data-id=\"d06883b\" data-element_type=\"widget\" data-e-type=\"widget\" data-widget_type=\"text-editor.default\">\n\t\t\t\t\t\t\t\t\t<h4>7. Verwaltung von pers\u00f6nlichen Informationen<\/h4><p>Zum Schutz der pers\u00f6nlichen Daten, die sich im Besitz unserer Gruppe befinden, \u00fcberpr\u00fcft unsere Gruppe das Managementsystem, um Lecks, F\u00e4lschungen, Verluste, Sch\u00e4den und unbefugten Zugriff zu verhindern, und unternimmt weitere Anstrengungen, um dieses System zu verbessern. Dar\u00fcber hinaus ergreift unsere Gruppe die folgenden Sicherheitsma\u00dfnahmen f\u00fcr den Umgang mit den pers\u00f6nlichen Daten unserer Kunden.<br>(1) Es wird eine verantwortliche Person f\u00fcr den Umgang mit personenbezogenen Daten ernannt.<br>(2) Die Mitarbeiter, die mit personenbezogenen Daten umgehen, und der Umfang der von ihnen bearbeiteten personenbezogenen Daten m\u00fcssen klar definiert sein.<br>(3) Die Mitarbeiter werden regelm\u00e4\u00dfig \u00fcber den Umgang mit personenbezogenen Daten geschult.<br>(4) Die Bereiche, in denen mit personenbezogenen Daten umgegangen wird, unterliegen Beschr\u00e4nkungen, einschlie\u00dflich Zugangs- und Ausgangskontrollen f\u00fcr Mitarbeiter und Beschr\u00e4nkungen der verwendeten Ger\u00e4te.<br>(5) Es wird eine Zugangskontrolle eingef\u00fchrt, um den Kreis der verantwortlichen Personen und den Umgang mit personenbezogenen Daten zu begrenzen.<\/p>\t\t\t\t\t\t\t\t<\/div>\n\t\t\t\t<div class=\"elementor-element elementor-element-8da6679 elementor-widget elementor-widget-text-editor\" data-id=\"8da6679\" data-element_type=\"widget\" data-e-type=\"widget\" data-widget_type=\"text-editor.default\">\n\t\t\t\t\t\t\t\t\t<h4>8. Offenlegung, Berichtigung, L\u00f6schung oder Aus\u00fcbung anderer Rechte in Bezug auf pers\u00f6nliche Daten<\/h4><p>Bitte verwenden Sie die folgenden Kontaktinformationen f\u00fcr Anfragen bez\u00fcglich der Offenlegung, Berichtigung, L\u00f6schung und sonstigen Aus\u00fcbung von Rechten in Bezug auf personenbezogene Daten des Betroffenen selbst, die sich in unserem Konzern befinden.<\/p>\t\t\t\t\t\t\t\t<\/div>\n\t\t\t\t<div class=\"elementor-element elementor-element-8fa07cd elementor-widget elementor-widget-text-editor\" data-id=\"8fa07cd\" data-element_type=\"widget\" data-e-type=\"widget\" data-widget_type=\"text-editor.default\">\n\t\t\t\t\t\t\t\t\t<h6>Abteilung f\u00fcr Personalwesen und allgemeine Angelegenheiten, Abteilung f\u00fcr Unternehmensverwaltung<br>2808 Iwazaki Komaki-City, Aichi 485-8510, Japan<\/h6>\t\t\t\t\t\t\t\t<\/div>\n\t\t\t\t<div class=\"elementor-element elementor-element-ff3f2e5 elementor-widget elementor-widget-text-editor\" data-id=\"ff3f2e5\" data-element_type=\"widget\" data-e-type=\"widget\" data-widget_type=\"text-editor.default\">\n\t\t\t\t\t\t\t\t\t<h4>Pers\u00f6nliche Informationen der betroffenen Person unter 16 Jahren<\/h4><p>Pers\u00f6nliche Informationen von Betroffenen, die unter 16 Jahre alt sind, m\u00fcssen mit der Zustimmung eines Elternteils oder Vormunds bereitgestellt werden.<\/p>\t\t\t\t\t\t\t\t<\/div>\n\t\t\t\t<div class=\"elementor-element elementor-element-9957f3d elementor-widget elementor-widget-text-editor\" data-id=\"9957f3d\" data-element_type=\"widget\" data-e-type=\"widget\" data-widget_type=\"text-editor.default\">\n\t\t\t\t\t\t\t\t\t<h4>10. \u00dcberarbeitung der Datenschutzrichtlinie<\/h4><p>Unsere Gruppe kann diese Datenschutzrichtlinie \u00fcberarbeiten. Bitte \u00fcberpr\u00fcfen Sie dies bei Bedarf.<\/p>\t\t\t\t\t\t\t\t<\/div>\n\t\t\t\t<div class=\"elementor-element elementor-element-46ae4f4 elementor-widget elementor-widget-text-editor\" data-id=\"46ae4f4\" data-element_type=\"widget\" data-e-type=\"widget\" data-widget_type=\"text-editor.default\">\n\t\t\t\t\t\t\t\t\t<p>Keisuke Makino<br>Stellvertretender Direktor und Pr\u00e4sident<br>NTK CUTTING TOOLS Co., Ltd.<br>2808 Iwazaki Komaki-City, Aichi 485-8510, Japan<\/p><p>04 03, 23 aktualisiert<\/p>\t\t\t\t\t\t\t\t<\/div>\n\t\t\t\t\t<\/div>\n\t\t\t\t<\/div>\n\t\t\t\t<\/div>\n\t\t","protected":false},"excerpt":{"rendered":"<p>Umgang mit pers\u00f6nlichen Informationen Richtlinien zum Schutz von pers\u00f6nlichen Informationen NTK CUTTING TOOLS Co., Ltd. (im Folgenden umfassend als &#8220;unsere Gruppe&#8221; bezeichnet) sind sich der Bedeutung personenbezogener Daten bewusst, haben eine Datenschutzrichtlinie erstellt und halten sich strikt an diese Richtlinie, um eine ordnungsgem\u00e4\u00dfe Erfassung, Verwendung und sichere Verwaltung zu gew\u00e4hrleisten. 1. Pers\u00f6nliche Informationen In dieser [&hellip;]<\/p>\n","protected":false},"author":1,"featured_media":0,"parent":18156,"menu_order":0,"comment_status":"closed","ping_status":"closed","template":"","meta":{"_acf_changed":false,"footnotes":""},"class_list":["post-17983","page","type-page","status-publish","hentry"],"acf":[],"yoast_head":"<!-- This site is optimized with the Yoast SEO plugin v27.3 - https:\/\/yoast.com\/product\/yoast-seo-wordpress\/ -->\n<title>Datenschutzbestimmungen - NTK Cutting Tools<\/title>\n<meta name=\"robots\" content=\"index, follow, max-snippet:-1, max-image-preview:large, max-video-preview:-1\" \/>\n<link rel=\"canonical\" href=\"https:\/\/ntkcuttingtools.com\/de\/ueber\/datenschutz\/\" \/>\n<meta property=\"og:locale\" content=\"de_DE\" \/>\n<meta property=\"og:type\" content=\"article\" \/>\n<meta property=\"og:title\" content=\"Datenschutzbestimmungen - NTK Cutting Tools\" \/>\n<meta property=\"og:description\" content=\"Umgang mit pers\u00f6nlichen Informationen Richtlinien zum Schutz von pers\u00f6nlichen Informationen NTK CUTTING TOOLS Co., Ltd. (im Folgenden umfassend als &#8220;unsere Gruppe&#8221; bezeichnet) sind sich der Bedeutung personenbezogener Daten bewusst, haben eine Datenschutzrichtlinie erstellt und halten sich strikt an diese Richtlinie, um eine ordnungsgem\u00e4\u00dfe Erfassung, Verwendung und sichere Verwaltung zu gew\u00e4hrleisten. 1. Pers\u00f6nliche Informationen In dieser [&hellip;]\" \/>\n<meta property=\"og:url\" content=\"https:\/\/ntkcuttingtools.com\/de\/ueber\/datenschutz\/\" \/>\n<meta property=\"og:site_name\" content=\"NTK Cutting Tools\" \/>\n<meta property=\"article:publisher\" content=\"https:\/\/www.facebook.com\/TungaloyNTK\" \/>\n<meta property=\"article:modified_time\" content=\"2025-06-11T13:12:42+00:00\" \/>\n<meta name=\"twitter:card\" content=\"summary_large_image\" \/>\n<meta name=\"twitter:label1\" content=\"Est. reading time\" \/>\n\t<meta name=\"twitter:data1\" content=\"4 minutes\" \/>\n<script type=\"application\/ld+json\" class=\"yoast-schema-graph\">{\"@context\":\"https:\\\/\\\/schema.org\",\"@graph\":[{\"@type\":\"WebPage\",\"@id\":\"https:\\\/\\\/ntkcuttingtools.com\\\/de\\\/ueber\\\/datenschutz\\\/\",\"url\":\"https:\\\/\\\/ntkcuttingtools.com\\\/de\\\/ueber\\\/datenschutz\\\/\",\"name\":\"Datenschutzbestimmungen - NTK Cutting Tools\",\"isPartOf\":{\"@id\":\"https:\\\/\\\/ntkcuttingtools.com\\\/de\\\/#website\"},\"datePublished\":\"2024-10-08T16:57:04+00:00\",\"dateModified\":\"2025-06-11T13:12:42+00:00\",\"breadcrumb\":{\"@id\":\"https:\\\/\\\/ntkcuttingtools.com\\\/de\\\/ueber\\\/datenschutz\\\/#breadcrumb\"},\"inLanguage\":\"de-DE\",\"potentialAction\":[{\"@type\":\"ReadAction\",\"target\":[\"https:\\\/\\\/ntkcuttingtools.com\\\/de\\\/ueber\\\/datenschutz\\\/\"]}]},{\"@type\":\"BreadcrumbList\",\"@id\":\"https:\\\/\\\/ntkcuttingtools.com\\\/de\\\/ueber\\\/datenschutz\\\/#breadcrumb\",\"itemListElement\":[{\"@type\":\"ListItem\",\"position\":1,\"name\":\"Startseite\",\"item\":\"https:\\\/\\\/ntkcuttingtools.com\\\/de\\\/\"},{\"@type\":\"ListItem\",\"position\":2,\"name\":\"\u00dcber NTK Cutting Tools\",\"item\":\"https:\\\/\\\/ntkcuttingtools.com\\\/de\\\/ueber\\\/\"},{\"@type\":\"ListItem\",\"position\":3,\"name\":\"Datenschutzbestimmungen\"}]},{\"@type\":\"WebSite\",\"@id\":\"https:\\\/\\\/ntkcuttingtools.com\\\/de\\\/#website\",\"url\":\"https:\\\/\\\/ntkcuttingtools.com\\\/de\\\/\",\"name\":\"NTK Cutting Tools\",\"description\":\"\",\"publisher\":{\"@id\":\"https:\\\/\\\/ntkcuttingtools.com\\\/de\\\/#organization\"},\"potentialAction\":[{\"@type\":\"SearchAction\",\"target\":{\"@type\":\"EntryPoint\",\"urlTemplate\":\"https:\\\/\\\/ntkcuttingtools.com\\\/de\\\/?s={search_term_string}\"},\"query-input\":{\"@type\":\"PropertyValueSpecification\",\"valueRequired\":true,\"valueName\":\"search_term_string\"}}],\"inLanguage\":\"de-DE\"},{\"@type\":\"Organization\",\"@id\":\"https:\\\/\\\/ntkcuttingtools.com\\\/de\\\/#organization\",\"name\":\"NTK Cutting Tools\",\"url\":\"https:\\\/\\\/ntkcuttingtools.com\\\/de\\\/\",\"logo\":{\"@type\":\"ImageObject\",\"inLanguage\":\"de-DE\",\"@id\":\"https:\\\/\\\/ntkcuttingtools.com\\\/de\\\/#\\\/schema\\\/logo\\\/image\\\/\",\"url\":\"https:\\\/\\\/ntkcuttingtools.com\\\/wpdata\\\/wp-content\\\/uploads\\\/2024\\\/11\\\/favicon.png\",\"contentUrl\":\"https:\\\/\\\/ntkcuttingtools.com\\\/wpdata\\\/wp-content\\\/uploads\\\/2024\\\/11\\\/favicon.png\",\"width\":512,\"height\":512,\"caption\":\"NTK Cutting Tools\"},\"image\":{\"@id\":\"https:\\\/\\\/ntkcuttingtools.com\\\/de\\\/#\\\/schema\\\/logo\\\/image\\\/\"},\"sameAs\":[\"https:\\\/\\\/www.facebook.com\\\/TungaloyNTK\",\"https:\\\/\\\/www.linkedin.com\\\/company\\\/tungaloyntkamerica\\\/\",\"https:\\\/\\\/www.instagram.com\\\/tungaloyntkamerica\\\/\",\"https:\\\/\\\/www.youtube.com\\\/user\\\/NTKCUTTINGTOOLS\"]}]}<\/script>\n<!-- \/ Yoast SEO plugin. -->","yoast_head_json":{"title":"Datenschutzbestimmungen - NTK Cutting Tools","robots":{"index":"index","follow":"follow","max-snippet":"max-snippet:-1","max-image-preview":"max-image-preview:large","max-video-preview":"max-video-preview:-1"},"canonical":"https:\/\/ntkcuttingtools.com\/de\/ueber\/datenschutz\/","og_locale":"de_DE","og_type":"article","og_title":"Datenschutzbestimmungen - NTK Cutting Tools","og_description":"Umgang mit pers\u00f6nlichen Informationen Richtlinien zum Schutz von pers\u00f6nlichen Informationen NTK CUTTING TOOLS Co., Ltd. (im Folgenden umfassend als &#8220;unsere Gruppe&#8221; bezeichnet) sind sich der Bedeutung personenbezogener Daten bewusst, haben eine Datenschutzrichtlinie erstellt und halten sich strikt an diese Richtlinie, um eine ordnungsgem\u00e4\u00dfe Erfassung, Verwendung und sichere Verwaltung zu gew\u00e4hrleisten. 1. Pers\u00f6nliche Informationen In dieser [&hellip;]","og_url":"https:\/\/ntkcuttingtools.com\/de\/ueber\/datenschutz\/","og_site_name":"NTK Cutting Tools","article_publisher":"https:\/\/www.facebook.com\/TungaloyNTK","article_modified_time":"2025-06-11T13:12:42+00:00","twitter_card":"summary_large_image","twitter_misc":{"Est. reading time":"4 minutes"},"schema":{"@context":"https:\/\/schema.org","@graph":[{"@type":"WebPage","@id":"https:\/\/ntkcuttingtools.com\/de\/ueber\/datenschutz\/","url":"https:\/\/ntkcuttingtools.com\/de\/ueber\/datenschutz\/","name":"Datenschutzbestimmungen - NTK Cutting Tools","isPartOf":{"@id":"https:\/\/ntkcuttingtools.com\/de\/#website"},"datePublished":"2024-10-08T16:57:04+00:00","dateModified":"2025-06-11T13:12:42+00:00","breadcrumb":{"@id":"https:\/\/ntkcuttingtools.com\/de\/ueber\/datenschutz\/#breadcrumb"},"inLanguage":"de-DE","potentialAction":[{"@type":"ReadAction","target":["https:\/\/ntkcuttingtools.com\/de\/ueber\/datenschutz\/"]}]},{"@type":"BreadcrumbList","@id":"https:\/\/ntkcuttingtools.com\/de\/ueber\/datenschutz\/#breadcrumb","itemListElement":[{"@type":"ListItem","position":1,"name":"Startseite","item":"https:\/\/ntkcuttingtools.com\/de\/"},{"@type":"ListItem","position":2,"name":"\u00dcber NTK Cutting Tools","item":"https:\/\/ntkcuttingtools.com\/de\/ueber\/"},{"@type":"ListItem","position":3,"name":"Datenschutzbestimmungen"}]},{"@type":"WebSite","@id":"https:\/\/ntkcuttingtools.com\/de\/#website","url":"https:\/\/ntkcuttingtools.com\/de\/","name":"NTK Cutting Tools","description":"","publisher":{"@id":"https:\/\/ntkcuttingtools.com\/de\/#organization"},"potentialAction":[{"@type":"SearchAction","target":{"@type":"EntryPoint","urlTemplate":"https:\/\/ntkcuttingtools.com\/de\/?s={search_term_string}"},"query-input":{"@type":"PropertyValueSpecification","valueRequired":true,"valueName":"search_term_string"}}],"inLanguage":"de-DE"},{"@type":"Organization","@id":"https:\/\/ntkcuttingtools.com\/de\/#organization","name":"NTK Cutting Tools","url":"https:\/\/ntkcuttingtools.com\/de\/","logo":{"@type":"ImageObject","inLanguage":"de-DE","@id":"https:\/\/ntkcuttingtools.com\/de\/#\/schema\/logo\/image\/","url":"https:\/\/ntkcuttingtools.com\/wpdata\/wp-content\/uploads\/2024\/11\/favicon.png","contentUrl":"https:\/\/ntkcuttingtools.com\/wpdata\/wp-content\/uploads\/2024\/11\/favicon.png","width":512,"height":512,"caption":"NTK Cutting Tools"},"image":{"@id":"https:\/\/ntkcuttingtools.com\/de\/#\/schema\/logo\/image\/"},"sameAs":["https:\/\/www.facebook.com\/TungaloyNTK","https:\/\/www.linkedin.com\/company\/tungaloyntkamerica\/","https:\/\/www.instagram.com\/tungaloyntkamerica\/","https:\/\/www.youtube.com\/user\/NTKCUTTINGTOOLS"]}]}},"_links":{"self":[{"href":"https:\/\/ntkcuttingtools.com\/de\/wp-json\/wp\/v2\/pages\/17983","targetHints":{"allow":["GET"]}}],"collection":[{"href":"https:\/\/ntkcuttingtools.com\/de\/wp-json\/wp\/v2\/pages"}],"about":[{"href":"https:\/\/ntkcuttingtools.com\/de\/wp-json\/wp\/v2\/types\/page"}],"author":[{"embeddable":true,"href":"https:\/\/ntkcuttingtools.com\/de\/wp-json\/wp\/v2\/users\/1"}],"replies":[{"embeddable":true,"href":"https:\/\/ntkcuttingtools.com\/de\/wp-json\/wp\/v2\/comments?post=17983"}],"version-history":[{"count":2,"href":"https:\/\/ntkcuttingtools.com\/de\/wp-json\/wp\/v2\/pages\/17983\/revisions"}],"predecessor-version":[{"id":22519,"href":"https:\/\/ntkcuttingtools.com\/de\/wp-json\/wp\/v2\/pages\/17983\/revisions\/22519"}],"up":[{"embeddable":true,"href":"https:\/\/ntkcuttingtools.com\/de\/wp-json\/wp\/v2\/pages\/18156"}],"wp:attachment":[{"href":"https:\/\/ntkcuttingtools.com\/de\/wp-json\/wp\/v2\/media?parent=17983"}],"curies":[{"name":"wp","href":"https:\/\/api.w.org\/{rel}","templated":true}]}}