{"id":17842,"date":"2024-11-26T14:10:02","date_gmt":"2024-11-26T05:10:02","guid":{"rendered":"https:\/\/ntkcuttingtools.com\/soluciones-y-productos\/"},"modified":"2025-11-07T14:21:08","modified_gmt":"2025-11-07T05:21:08","slug":"solutions-products","status":"publish","type":"page","link":"https:\/\/ntkcuttingtools.com\/es\/solutions-products\/","title":{"rendered":"Soluciones y productos"},"content":{"rendered":"\t\t<div data-elementor-type=\"wp-page\" data-elementor-id=\"17842\" class=\"elementor elementor-17842 elementor-8607\" data-elementor-post-type=\"page\">\n\t\t\t\t<div class=\"elementor-element elementor-element-75c139d e-con-full e-flex e-con e-parent\" data-id=\"75c139d\" data-element_type=\"container\" data-e-type=\"container\" data-settings=\"{&quot;background_background&quot;:&quot;classic&quot;}\">\n\t\t<div class=\"elementor-element elementor-element-500f663 e-flex e-con-boxed e-con e-child\" data-id=\"500f663\" data-element_type=\"container\" data-e-type=\"container\">\n\t\t\t\t\t<div class=\"e-con-inner\">\n\t\t\t\t<div class=\"elementor-element elementor-element-944bac8 elementor-hidden-desktop elementor-hidden-laptop elementor-hidden-tablet_extra elementor-hidden-tablet elementor-hidden-mobile_extra elementor-hidden-mobile elementor-widget elementor-widget-heading\" data-id=\"944bac8\" data-element_type=\"widget\" data-e-type=\"widget\" data-widget_type=\"heading.default\">\n\t\t\t\t\t<p class=\"elementor-heading-title elementor-size-default\">xxx<\/p>\t\t\t\t<\/div>\n\t\t\t\t\t<\/div>\n\t\t\t\t<\/div>\n\t\t\t\t<\/div>\n\t\t<div class=\"elementor-element elementor-element-31e7e4d e-flex e-con-boxed e-con e-parent\" data-id=\"31e7e4d\" data-element_type=\"container\" data-e-type=\"container\">\n\t\t\t\t\t<div class=\"e-con-inner\">\n\t\t\t\t<div class=\"elementor-element elementor-element-10d26a1 elementor-widget elementor-widget-breadcrumbs\" data-id=\"10d26a1\" data-element_type=\"widget\" data-e-type=\"widget\" data-widget_type=\"breadcrumbs.default\">\n\t\t\t\t\t<span id=\"breadcrumbs\"><span><span><a href=\"https:\/\/ntkcuttingtools.com\/es\/\">Inicio<\/a><\/span><\/span><\/span>\t\t\t\t<\/div>\n\t\t\t\t\t<\/div>\n\t\t\t\t<\/div>\n\t\t<div class=\"elementor-element elementor-element-44ca73e e-flex e-con-boxed e-con e-parent\" data-id=\"44ca73e\" data-element_type=\"container\" data-e-type=\"container\">\n\t\t\t\t\t<div class=\"e-con-inner\">\n\t\t<div class=\"elementor-element elementor-element-aa72e72 e-grid e-con-full e-con e-child\" data-id=\"aa72e72\" data-element_type=\"container\" data-e-type=\"container\">\n\t\t<div class=\"elementor-element elementor-element-6e497e7 e-con-full e-flex e-con e-child\" data-id=\"6e497e7\" data-element_type=\"container\" data-e-type=\"container\">\n\t\t<a class=\"elementor-element elementor-element-3880544 e-con-full e-flex e-con e-child\" data-id=\"3880544\" data-element_type=\"container\" data-e-type=\"container\" data-settings=\"{&quot;background_background&quot;:&quot;classic&quot;}\" href=\"https:\/\/ntkcuttingtools.com\/es\/solutions-products\/mecanizado-en-miniatura\/\">\n\t\t\t\t<\/a>\n\t\t\t\t<div class=\"elementor-element elementor-element-a35da1e solutions-products-link elementor-widget elementor-widget-heading\" data-id=\"a35da1e\" data-element_type=\"widget\" data-e-type=\"widget\" data-widget_type=\"heading.default\">\n\t\t\t\t\t<h6 class=\"elementor-heading-title elementor-size-default\"><a href=\"https:\/\/ntkcuttingtools.com\/es\/solutions-products\/mecanizado-en-miniatura\/\">Soluciones para el mecanizado en miniatura<\/a><\/h6>\t\t\t\t<\/div>\n\t\t\t\t<\/div>\n\t\t<div class=\"elementor-element elementor-element-c1e7b5e e-con-full e-flex e-con e-child\" data-id=\"c1e7b5e\" data-element_type=\"container\" data-e-type=\"container\" data-settings=\"{&quot;background_background&quot;:&quot;classic&quot;}\">\n\t\t<a class=\"elementor-element elementor-element-3d0e06a e-con-full e-flex e-con e-child\" data-id=\"3d0e06a\" data-element_type=\"container\" data-e-type=\"container\" data-settings=\"{&quot;background_background&quot;:&quot;classic&quot;}\" href=\"https:\/\/ntkcuttingtools.com\/es\/solutions-products\/hrsa\/\">\n\t\t\t\t<\/a>\n\t\t\t\t<div class=\"elementor-element elementor-element-b6b91c9 solutions-products-link elementor-widget elementor-widget-heading\" data-id=\"b6b91c9\" data-element_type=\"widget\" data-e-type=\"widget\" data-widget_type=\"heading.default\">\n\t\t\t\t\t<h6 class=\"elementor-heading-title elementor-size-default\"><a href=\"https:\/\/ntkcuttingtools.com\/es\/solutions-products\/hrsa\/\">Mecanizado HRSA<\/a><\/h6>\t\t\t\t<\/div>\n\t\t\t\t<\/div>\n\t\t<div class=\"elementor-element elementor-element-4f56ff8 e-con-full e-flex e-con e-child\" data-id=\"4f56ff8\" data-element_type=\"container\" data-e-type=\"container\">\n\t\t<a class=\"elementor-element elementor-element-20f00fb e-con-full e-flex e-con e-child\" data-id=\"20f00fb\" data-element_type=\"container\" data-e-type=\"container\" data-settings=\"{&quot;background_background&quot;:&quot;classic&quot;}\" href=\"https:\/\/ntkcuttingtools.com\/es\/solutions-products\/mecanizado-de-hierro-fundido-hierro-fundido-ductil\/\">\n\t\t\t\t<\/a>\n\t\t\t\t<div class=\"elementor-element elementor-element-762f8e3 solutions-products-link elementor-widget elementor-widget-heading\" data-id=\"762f8e3\" data-element_type=\"widget\" data-e-type=\"widget\" data-widget_type=\"heading.default\">\n\t\t\t\t\t<h6 class=\"elementor-heading-title elementor-size-default\"><a href=\"https:\/\/ntkcuttingtools.com\/es\/solutions-products\/mecanizado-de-hierro-fundido-hierro-fundido-ductil\/\">Mecanizado de hierro fundido\/hierro fundido d\u00factil<\/a><\/h6>\t\t\t\t<\/div>\n\t\t\t\t<\/div>\n\t\t<div class=\"elementor-element elementor-element-63cadff e-con-full e-flex e-con e-child\" data-id=\"63cadff\" data-element_type=\"container\" data-e-type=\"container\">\n\t\t<a class=\"elementor-element elementor-element-823f108 e-con-full e-flex e-con e-child\" data-id=\"823f108\" data-element_type=\"container\" data-e-type=\"container\" data-settings=\"{&quot;background_background&quot;:&quot;classic&quot;}\" href=\"https:\/\/ntkcuttingtools.com\/es\/solutions-products\/mecanizado-de-materiales-templados\/\">\n\t\t\t\t<\/a>\n\t\t\t\t<div class=\"elementor-element elementor-element-731a1f2 solutions-products-link elementor-widget elementor-widget-heading\" data-id=\"731a1f2\" data-element_type=\"widget\" data-e-type=\"widget\" data-widget_type=\"heading.default\">\n\t\t\t\t\t<h6 class=\"elementor-heading-title elementor-size-default\"><a href=\"https:\/\/ntkcuttingtools.com\/es\/solutions-products\/mecanizado-de-materiales-templados\/\">Mecanizado de materiales templados<\/a><\/h6>\t\t\t\t<\/div>\n\t\t\t\t<\/div>\n\t\t<div class=\"elementor-element elementor-element-69a5d13 e-con-full e-flex e-con e-child\" data-id=\"69a5d13\" data-element_type=\"container\" data-e-type=\"container\">\n\t\t<a class=\"elementor-element elementor-element-c15febb e-con-full e-flex e-con e-child\" data-id=\"c15febb\" data-element_type=\"container\" data-e-type=\"container\" data-settings=\"{&quot;background_background&quot;:&quot;classic&quot;}\" href=\"https:\/\/ntkcuttingtools.com\/es\/solutions-products\/mecanizado-de-materiales-no-ferreos\/\">\n\t\t\t\t<\/a>\n\t\t\t\t<div class=\"elementor-element elementor-element-7ed42fa solutions-products-link elementor-widget elementor-widget-heading\" data-id=\"7ed42fa\" data-element_type=\"widget\" data-e-type=\"widget\" data-widget_type=\"heading.default\">\n\t\t\t\t\t<h6 class=\"elementor-heading-title elementor-size-default\"><a href=\"https:\/\/ntkcuttingtools.com\/es\/solutions-products\/mecanizado-de-materiales-no-ferreos\/\">Mecanizado de materiales no f\u00e9rreos<\/a><\/h6>\t\t\t\t<\/div>\n\t\t\t\t<\/div>\n\t\t<div class=\"elementor-element elementor-element-598e87c e-con-full e-flex e-con e-child\" data-id=\"598e87c\" data-element_type=\"container\" data-e-type=\"container\">\n\t\t<a class=\"elementor-element elementor-element-6e39009 e-con-full e-flex e-con e-child\" data-id=\"6e39009\" data-element_type=\"container\" data-e-type=\"container\" data-settings=\"{&quot;background_background&quot;:&quot;classic&quot;}\" href=\"https:\/\/ntkcuttingtools.com\/es\/solutions-products\/mecanizado-de-rodillos\/\">\n\t\t\t\t<\/a>\n\t\t\t\t<div class=\"elementor-element elementor-element-0255bc6 solutions-products-link elementor-widget elementor-widget-heading\" data-id=\"0255bc6\" data-element_type=\"widget\" data-e-type=\"widget\" data-widget_type=\"heading.default\">\n\t\t\t\t\t<h6 class=\"elementor-heading-title elementor-size-default\"><a href=\"https:\/\/ntkcuttingtools.com\/es\/solutions-products\/mecanizado-de-rodillos\/\">Mecanizado de rodillos<\/a><\/h6>\t\t\t\t<\/div>\n\t\t\t\t<\/div>\n\t\t<div class=\"elementor-element elementor-element-e92dd50 e-con-full e-flex e-con e-child\" data-id=\"e92dd50\" data-element_type=\"container\" data-e-type=\"container\">\n\t\t<a class=\"elementor-element elementor-element-b022a0b e-con-full e-flex e-con e-child\" data-id=\"b022a0b\" data-element_type=\"container\" data-e-type=\"container\" data-settings=\"{&quot;background_background&quot;:&quot;classic&quot;}\" href=\"https:\/\/ntkcuttingtools.com\/es\/solutions-products\/soldadura-por-friccion\/\">\n\t\t\t\t<\/a>\n\t\t\t\t<div class=\"elementor-element elementor-element-e1a2eb7 solutions-products-link elementor-widget elementor-widget-heading\" data-id=\"e1a2eb7\" data-element_type=\"widget\" data-e-type=\"widget\" data-widget_type=\"heading.default\">\n\t\t\t\t\t<h6 class=\"elementor-heading-title elementor-size-default\"><a href=\"https:\/\/ntkcuttingtools.com\/es\/solutions-products\/soldadura-por-friccion\/\">Soluciones para la soldadura por fricci\u00f3n<\/a><\/h6>\t\t\t\t<\/div>\n\t\t\t\t<\/div>\n\t\t<div class=\"elementor-element elementor-element-94167f8 e-con-full e-flex e-con e-child\" data-id=\"94167f8\" data-element_type=\"container\" data-e-type=\"container\">\n\t\t<a class=\"elementor-element elementor-element-42054e6 e-con-full e-flex e-con e-child\" data-id=\"42054e6\" data-element_type=\"container\" data-e-type=\"container\" data-settings=\"{&quot;background_background&quot;:&quot;classic&quot;}\" href=\"https:\/\/tungaloy.com\/\" target=\"_blank\">\n\t\t\t\t<\/a>\n\t\t\t\t<div class=\"elementor-element elementor-element-8d40b0b solutions-products-link ext-link elementor-widget elementor-widget-heading\" data-id=\"8d40b0b\" data-element_type=\"widget\" data-e-type=\"widget\" data-widget_type=\"heading.default\">\n\t\t\t\t\t<h6 class=\"elementor-heading-title elementor-size-default\"><a href=\"https:\/\/tungaloy.com\/\" target=\"_blank\">L\u00ednea de productos Tungaloy<\/a><\/h6>\t\t\t\t<\/div>\n\t\t\t\t<\/div>\n\t\t\t\t<\/div>\n\t\t\t\t\t<\/div>\n\t\t\t\t<\/div>\n\t\t\t\t<\/div>\n\t\t","protected":false},"excerpt":{"rendered":"<p>xxx Soluciones para el mecanizado en miniatura Mecanizado HRSA Mecanizado de hierro fundido\/hierro fundido d\u00factil Mecanizado de materiales templados Mecanizado de materiales no f\u00e9rreos Mecanizado de rodillos Soluciones para la soldadura por fricci\u00f3n L\u00ednea de productos Tungaloy<\/p>\n","protected":false},"author":2,"featured_media":0,"parent":0,"menu_order":0,"comment_status":"closed","ping_status":"closed","template":"","meta":{"_acf_changed":false,"footnotes":""},"class_list":["post-17842","page","type-page","status-publish","hentry"],"acf":[],"yoast_head":"<!-- This site is optimized with the Yoast SEO plugin v27.3 - https:\/\/yoast.com\/product\/yoast-seo-wordpress\/ -->\n<title>Soluciones y productos - NTK Cutting Tools<\/title>\n<meta name=\"robots\" content=\"index, follow, max-snippet:-1, max-image-preview:large, max-video-preview:-1\" \/>\n<link rel=\"canonical\" href=\"https:\/\/ntkcuttingtools.com\/es\/solutions-products\/\" \/>\n<meta property=\"og:locale\" content=\"es_ES\" \/>\n<meta property=\"og:type\" content=\"article\" \/>\n<meta property=\"og:title\" content=\"Soluciones y productos - NTK Cutting Tools\" \/>\n<meta property=\"og:description\" content=\"xxx Soluciones para el mecanizado en miniatura Mecanizado HRSA Mecanizado de hierro fundido\/hierro fundido d\u00factil Mecanizado de materiales templados Mecanizado de materiales no f\u00e9rreos Mecanizado de rodillos Soluciones para la soldadura por fricci\u00f3n L\u00ednea de productos Tungaloy\" \/>\n<meta property=\"og:url\" content=\"https:\/\/ntkcuttingtools.com\/es\/solutions-products\/\" \/>\n<meta property=\"og:site_name\" content=\"NTK Cutting Tools\" \/>\n<meta property=\"article:publisher\" content=\"https:\/\/www.facebook.com\/TungaloyNTK\" \/>\n<meta property=\"article:modified_time\" content=\"2025-11-07T05:21:08+00:00\" \/>\n<meta name=\"twitter:card\" content=\"summary_large_image\" \/>\n<meta name=\"twitter:label1\" content=\"Est. reading time\" \/>\n\t<meta name=\"twitter:data1\" content=\"1 minute\" \/>\n<script type=\"application\/ld+json\" class=\"yoast-schema-graph\">{\"@context\":\"https:\\\/\\\/schema.org\",\"@graph\":[{\"@type\":\"WebPage\",\"@id\":\"https:\\\/\\\/ntkcuttingtools.com\\\/es\\\/solutions-products\\\/\",\"url\":\"https:\\\/\\\/ntkcuttingtools.com\\\/es\\\/solutions-products\\\/\",\"name\":\"Soluciones y productos - NTK Cutting Tools\",\"isPartOf\":{\"@id\":\"https:\\\/\\\/ntkcuttingtools.com\\\/es\\\/#website\"},\"datePublished\":\"2024-11-26T05:10:02+00:00\",\"dateModified\":\"2025-11-07T05:21:08+00:00\",\"breadcrumb\":{\"@id\":\"https:\\\/\\\/ntkcuttingtools.com\\\/es\\\/solutions-products\\\/#breadcrumb\"},\"inLanguage\":\"es-ES\",\"potentialAction\":[{\"@type\":\"ReadAction\",\"target\":[\"https:\\\/\\\/ntkcuttingtools.com\\\/es\\\/solutions-products\\\/\"]}]},{\"@type\":\"BreadcrumbList\",\"@id\":\"https:\\\/\\\/ntkcuttingtools.com\\\/es\\\/solutions-products\\\/#breadcrumb\",\"itemListElement\":[{\"@type\":\"ListItem\",\"position\":1,\"name\":\"Inicio\",\"item\":\"https:\\\/\\\/ntkcuttingtools.com\\\/es\\\/\"},{\"@type\":\"ListItem\",\"position\":2,\"name\":\"Soluciones y productos\"}]},{\"@type\":\"WebSite\",\"@id\":\"https:\\\/\\\/ntkcuttingtools.com\\\/es\\\/#website\",\"url\":\"https:\\\/\\\/ntkcuttingtools.com\\\/es\\\/\",\"name\":\"NTK Cutting Tools\",\"description\":\"\",\"publisher\":{\"@id\":\"https:\\\/\\\/ntkcuttingtools.com\\\/es\\\/#organization\"},\"potentialAction\":[{\"@type\":\"SearchAction\",\"target\":{\"@type\":\"EntryPoint\",\"urlTemplate\":\"https:\\\/\\\/ntkcuttingtools.com\\\/es\\\/?s={search_term_string}\"},\"query-input\":{\"@type\":\"PropertyValueSpecification\",\"valueRequired\":true,\"valueName\":\"search_term_string\"}}],\"inLanguage\":\"es-ES\"},{\"@type\":\"Organization\",\"@id\":\"https:\\\/\\\/ntkcuttingtools.com\\\/es\\\/#organization\",\"name\":\"NTK Cutting Tools\",\"url\":\"https:\\\/\\\/ntkcuttingtools.com\\\/es\\\/\",\"logo\":{\"@type\":\"ImageObject\",\"inLanguage\":\"es-ES\",\"@id\":\"https:\\\/\\\/ntkcuttingtools.com\\\/es\\\/#\\\/schema\\\/logo\\\/image\\\/\",\"url\":\"https:\\\/\\\/ntkcuttingtools.com\\\/wpdata\\\/wp-content\\\/uploads\\\/2024\\\/11\\\/favicon.png\",\"contentUrl\":\"https:\\\/\\\/ntkcuttingtools.com\\\/wpdata\\\/wp-content\\\/uploads\\\/2024\\\/11\\\/favicon.png\",\"width\":512,\"height\":512,\"caption\":\"NTK Cutting Tools\"},\"image\":{\"@id\":\"https:\\\/\\\/ntkcuttingtools.com\\\/es\\\/#\\\/schema\\\/logo\\\/image\\\/\"},\"sameAs\":[\"https:\\\/\\\/www.facebook.com\\\/TungaloyNTK\",\"https:\\\/\\\/www.linkedin.com\\\/company\\\/tungaloyntkamerica\\\/\",\"https:\\\/\\\/www.instagram.com\\\/tungaloyntkamerica\\\/\",\"https:\\\/\\\/www.youtube.com\\\/user\\\/NTKCUTTINGTOOLS\"]}]}<\/script>\n<!-- \/ Yoast SEO plugin. -->","yoast_head_json":{"title":"Soluciones y productos - NTK Cutting Tools","robots":{"index":"index","follow":"follow","max-snippet":"max-snippet:-1","max-image-preview":"max-image-preview:large","max-video-preview":"max-video-preview:-1"},"canonical":"https:\/\/ntkcuttingtools.com\/es\/solutions-products\/","og_locale":"es_ES","og_type":"article","og_title":"Soluciones y productos - NTK Cutting Tools","og_description":"xxx Soluciones para el mecanizado en miniatura Mecanizado HRSA Mecanizado de hierro fundido\/hierro fundido d\u00factil Mecanizado de materiales templados Mecanizado de materiales no f\u00e9rreos Mecanizado de rodillos Soluciones para la soldadura por fricci\u00f3n L\u00ednea de productos Tungaloy","og_url":"https:\/\/ntkcuttingtools.com\/es\/solutions-products\/","og_site_name":"NTK Cutting Tools","article_publisher":"https:\/\/www.facebook.com\/TungaloyNTK","article_modified_time":"2025-11-07T05:21:08+00:00","twitter_card":"summary_large_image","twitter_misc":{"Est. reading time":"1 minute"},"schema":{"@context":"https:\/\/schema.org","@graph":[{"@type":"WebPage","@id":"https:\/\/ntkcuttingtools.com\/es\/solutions-products\/","url":"https:\/\/ntkcuttingtools.com\/es\/solutions-products\/","name":"Soluciones y productos - NTK Cutting Tools","isPartOf":{"@id":"https:\/\/ntkcuttingtools.com\/es\/#website"},"datePublished":"2024-11-26T05:10:02+00:00","dateModified":"2025-11-07T05:21:08+00:00","breadcrumb":{"@id":"https:\/\/ntkcuttingtools.com\/es\/solutions-products\/#breadcrumb"},"inLanguage":"es-ES","potentialAction":[{"@type":"ReadAction","target":["https:\/\/ntkcuttingtools.com\/es\/solutions-products\/"]}]},{"@type":"BreadcrumbList","@id":"https:\/\/ntkcuttingtools.com\/es\/solutions-products\/#breadcrumb","itemListElement":[{"@type":"ListItem","position":1,"name":"Inicio","item":"https:\/\/ntkcuttingtools.com\/es\/"},{"@type":"ListItem","position":2,"name":"Soluciones y productos"}]},{"@type":"WebSite","@id":"https:\/\/ntkcuttingtools.com\/es\/#website","url":"https:\/\/ntkcuttingtools.com\/es\/","name":"NTK Cutting Tools","description":"","publisher":{"@id":"https:\/\/ntkcuttingtools.com\/es\/#organization"},"potentialAction":[{"@type":"SearchAction","target":{"@type":"EntryPoint","urlTemplate":"https:\/\/ntkcuttingtools.com\/es\/?s={search_term_string}"},"query-input":{"@type":"PropertyValueSpecification","valueRequired":true,"valueName":"search_term_string"}}],"inLanguage":"es-ES"},{"@type":"Organization","@id":"https:\/\/ntkcuttingtools.com\/es\/#organization","name":"NTK Cutting Tools","url":"https:\/\/ntkcuttingtools.com\/es\/","logo":{"@type":"ImageObject","inLanguage":"es-ES","@id":"https:\/\/ntkcuttingtools.com\/es\/#\/schema\/logo\/image\/","url":"https:\/\/ntkcuttingtools.com\/wpdata\/wp-content\/uploads\/2024\/11\/favicon.png","contentUrl":"https:\/\/ntkcuttingtools.com\/wpdata\/wp-content\/uploads\/2024\/11\/favicon.png","width":512,"height":512,"caption":"NTK Cutting Tools"},"image":{"@id":"https:\/\/ntkcuttingtools.com\/es\/#\/schema\/logo\/image\/"},"sameAs":["https:\/\/www.facebook.com\/TungaloyNTK","https:\/\/www.linkedin.com\/company\/tungaloyntkamerica\/","https:\/\/www.instagram.com\/tungaloyntkamerica\/","https:\/\/www.youtube.com\/user\/NTKCUTTINGTOOLS"]}]}},"_links":{"self":[{"href":"https:\/\/ntkcuttingtools.com\/es\/wp-json\/wp\/v2\/pages\/17842","targetHints":{"allow":["GET"]}}],"collection":[{"href":"https:\/\/ntkcuttingtools.com\/es\/wp-json\/wp\/v2\/pages"}],"about":[{"href":"https:\/\/ntkcuttingtools.com\/es\/wp-json\/wp\/v2\/types\/page"}],"author":[{"embeddable":true,"href":"https:\/\/ntkcuttingtools.com\/es\/wp-json\/wp\/v2\/users\/2"}],"replies":[{"embeddable":true,"href":"https:\/\/ntkcuttingtools.com\/es\/wp-json\/wp\/v2\/comments?post=17842"}],"version-history":[{"count":5,"href":"https:\/\/ntkcuttingtools.com\/es\/wp-json\/wp\/v2\/pages\/17842\/revisions"}],"predecessor-version":[{"id":29118,"href":"https:\/\/ntkcuttingtools.com\/es\/wp-json\/wp\/v2\/pages\/17842\/revisions\/29118"}],"wp:attachment":[{"href":"https:\/\/ntkcuttingtools.com\/es\/wp-json\/wp\/v2\/media?parent=17842"}],"curies":[{"name":"wp","href":"https:\/\/api.w.org\/{rel}","templated":true}]}}