{"id":17845,"date":"2024-12-23T17:19:21","date_gmt":"2024-12-23T08:19:21","guid":{"rendered":"https:\/\/ntkcuttingtools.com\/guia-rapida-de-seleccion-de-grados-ceramicos\/"},"modified":"2025-04-11T17:15:23","modified_gmt":"2025-04-11T08:15:23","slug":"quick-selection-guide-for-ceramic-grades","status":"publish","type":"page","link":"https:\/\/ntkcuttingtools.com\/es\/quick-selection-guide-for-ceramic-grades\/","title":{"rendered":"GU\u00cdA R\u00c1PIDA DE SELECCI\u00d3N DE CALIDADES CER\u00c1MICAS"},"content":{"rendered":"","protected":false},"excerpt":{"rendered":"","protected":false},"author":5,"featured_media":0,"parent":0,"menu_order":0,"comment_status":"closed","ping_status":"closed","template":"ceramic-grade-selector-template.php","meta":{"_acf_changed":false,"footnotes":""},"class_list":["post-17845","page","type-page","status-publish","hentry"],"acf":[],"yoast_head":"<!-- This site is optimized with the Yoast SEO plugin v27.3 - https:\/\/yoast.com\/product\/yoast-seo-wordpress\/ -->\n<title>GU\u00cdA R\u00c1PIDA DE SELECCI\u00d3N DE CALIDADES CER\u00c1MICAS - NTK Cutting Tools<\/title>\n<meta name=\"robots\" content=\"index, follow, max-snippet:-1, max-image-preview:large, max-video-preview:-1\" \/>\n<link rel=\"canonical\" href=\"https:\/\/ntkcuttingtools.com\/es\/quick-selection-guide-for-ceramic-grades\/\" \/>\n<meta property=\"og:locale\" content=\"es_ES\" \/>\n<meta property=\"og:type\" content=\"article\" \/>\n<meta property=\"og:title\" content=\"GU\u00cdA R\u00c1PIDA DE SELECCI\u00d3N DE CALIDADES CER\u00c1MICAS - NTK Cutting Tools\" \/>\n<meta property=\"og:url\" content=\"https:\/\/ntkcuttingtools.com\/es\/quick-selection-guide-for-ceramic-grades\/\" \/>\n<meta property=\"og:site_name\" content=\"NTK Cutting Tools\" \/>\n<meta property=\"article:publisher\" content=\"https:\/\/www.facebook.com\/TungaloyNTK\" \/>\n<meta property=\"article:modified_time\" content=\"2025-04-11T08:15:23+00:00\" \/>\n<meta name=\"twitter:card\" content=\"summary_large_image\" \/>\n<script type=\"application\/ld+json\" class=\"yoast-schema-graph\">{\"@context\":\"https:\\\/\\\/schema.org\",\"@graph\":[{\"@type\":\"WebPage\",\"@id\":\"https:\\\/\\\/ntkcuttingtools.com\\\/es\\\/quick-selection-guide-for-ceramic-grades\\\/\",\"url\":\"https:\\\/\\\/ntkcuttingtools.com\\\/es\\\/quick-selection-guide-for-ceramic-grades\\\/\",\"name\":\"GU\u00cdA R\u00c1PIDA DE SELECCI\u00d3N DE CALIDADES CER\u00c1MICAS - NTK Cutting Tools\",\"isPartOf\":{\"@id\":\"https:\\\/\\\/ntkcuttingtools.com\\\/es\\\/#website\"},\"datePublished\":\"2024-12-23T08:19:21+00:00\",\"dateModified\":\"2025-04-11T08:15:23+00:00\",\"breadcrumb\":{\"@id\":\"https:\\\/\\\/ntkcuttingtools.com\\\/es\\\/quick-selection-guide-for-ceramic-grades\\\/#breadcrumb\"},\"inLanguage\":\"es-ES\",\"potentialAction\":[{\"@type\":\"ReadAction\",\"target\":[\"https:\\\/\\\/ntkcuttingtools.com\\\/es\\\/quick-selection-guide-for-ceramic-grades\\\/\"]}]},{\"@type\":\"BreadcrumbList\",\"@id\":\"https:\\\/\\\/ntkcuttingtools.com\\\/es\\\/quick-selection-guide-for-ceramic-grades\\\/#breadcrumb\",\"itemListElement\":[{\"@type\":\"ListItem\",\"position\":1,\"name\":\"Inicio\",\"item\":\"https:\\\/\\\/ntkcuttingtools.com\\\/es\\\/\"},{\"@type\":\"ListItem\",\"position\":2,\"name\":\"GU\u00cdA R\u00c1PIDA DE SELECCI\u00d3N DE CALIDADES CER\u00c1MICAS\"}]},{\"@type\":\"WebSite\",\"@id\":\"https:\\\/\\\/ntkcuttingtools.com\\\/es\\\/#website\",\"url\":\"https:\\\/\\\/ntkcuttingtools.com\\\/es\\\/\",\"name\":\"NTK Cutting Tools\",\"description\":\"\",\"publisher\":{\"@id\":\"https:\\\/\\\/ntkcuttingtools.com\\\/es\\\/#organization\"},\"potentialAction\":[{\"@type\":\"SearchAction\",\"target\":{\"@type\":\"EntryPoint\",\"urlTemplate\":\"https:\\\/\\\/ntkcuttingtools.com\\\/es\\\/?s={search_term_string}\"},\"query-input\":{\"@type\":\"PropertyValueSpecification\",\"valueRequired\":true,\"valueName\":\"search_term_string\"}}],\"inLanguage\":\"es-ES\"},{\"@type\":\"Organization\",\"@id\":\"https:\\\/\\\/ntkcuttingtools.com\\\/es\\\/#organization\",\"name\":\"NTK Cutting Tools\",\"url\":\"https:\\\/\\\/ntkcuttingtools.com\\\/es\\\/\",\"logo\":{\"@type\":\"ImageObject\",\"inLanguage\":\"es-ES\",\"@id\":\"https:\\\/\\\/ntkcuttingtools.com\\\/es\\\/#\\\/schema\\\/logo\\\/image\\\/\",\"url\":\"https:\\\/\\\/ntkcuttingtools.com\\\/wpdata\\\/wp-content\\\/uploads\\\/2024\\\/11\\\/favicon.png\",\"contentUrl\":\"https:\\\/\\\/ntkcuttingtools.com\\\/wpdata\\\/wp-content\\\/uploads\\\/2024\\\/11\\\/favicon.png\",\"width\":512,\"height\":512,\"caption\":\"NTK Cutting Tools\"},\"image\":{\"@id\":\"https:\\\/\\\/ntkcuttingtools.com\\\/es\\\/#\\\/schema\\\/logo\\\/image\\\/\"},\"sameAs\":[\"https:\\\/\\\/www.facebook.com\\\/TungaloyNTK\",\"https:\\\/\\\/www.linkedin.com\\\/company\\\/tungaloyntkamerica\\\/\",\"https:\\\/\\\/www.instagram.com\\\/tungaloyntkamerica\\\/\",\"https:\\\/\\\/www.youtube.com\\\/user\\\/NTKCUTTINGTOOLS\"]}]}<\/script>\n<!-- \/ Yoast SEO plugin. -->","yoast_head_json":{"title":"GU\u00cdA R\u00c1PIDA DE SELECCI\u00d3N DE CALIDADES CER\u00c1MICAS - NTK Cutting Tools","robots":{"index":"index","follow":"follow","max-snippet":"max-snippet:-1","max-image-preview":"max-image-preview:large","max-video-preview":"max-video-preview:-1"},"canonical":"https:\/\/ntkcuttingtools.com\/es\/quick-selection-guide-for-ceramic-grades\/","og_locale":"es_ES","og_type":"article","og_title":"GU\u00cdA R\u00c1PIDA DE SELECCI\u00d3N DE CALIDADES CER\u00c1MICAS - NTK Cutting Tools","og_url":"https:\/\/ntkcuttingtools.com\/es\/quick-selection-guide-for-ceramic-grades\/","og_site_name":"NTK Cutting Tools","article_publisher":"https:\/\/www.facebook.com\/TungaloyNTK","article_modified_time":"2025-04-11T08:15:23+00:00","twitter_card":"summary_large_image","schema":{"@context":"https:\/\/schema.org","@graph":[{"@type":"WebPage","@id":"https:\/\/ntkcuttingtools.com\/es\/quick-selection-guide-for-ceramic-grades\/","url":"https:\/\/ntkcuttingtools.com\/es\/quick-selection-guide-for-ceramic-grades\/","name":"GU\u00cdA R\u00c1PIDA DE SELECCI\u00d3N DE CALIDADES CER\u00c1MICAS - NTK Cutting Tools","isPartOf":{"@id":"https:\/\/ntkcuttingtools.com\/es\/#website"},"datePublished":"2024-12-23T08:19:21+00:00","dateModified":"2025-04-11T08:15:23+00:00","breadcrumb":{"@id":"https:\/\/ntkcuttingtools.com\/es\/quick-selection-guide-for-ceramic-grades\/#breadcrumb"},"inLanguage":"es-ES","potentialAction":[{"@type":"ReadAction","target":["https:\/\/ntkcuttingtools.com\/es\/quick-selection-guide-for-ceramic-grades\/"]}]},{"@type":"BreadcrumbList","@id":"https:\/\/ntkcuttingtools.com\/es\/quick-selection-guide-for-ceramic-grades\/#breadcrumb","itemListElement":[{"@type":"ListItem","position":1,"name":"Inicio","item":"https:\/\/ntkcuttingtools.com\/es\/"},{"@type":"ListItem","position":2,"name":"GU\u00cdA R\u00c1PIDA DE SELECCI\u00d3N DE CALIDADES CER\u00c1MICAS"}]},{"@type":"WebSite","@id":"https:\/\/ntkcuttingtools.com\/es\/#website","url":"https:\/\/ntkcuttingtools.com\/es\/","name":"NTK Cutting Tools","description":"","publisher":{"@id":"https:\/\/ntkcuttingtools.com\/es\/#organization"},"potentialAction":[{"@type":"SearchAction","target":{"@type":"EntryPoint","urlTemplate":"https:\/\/ntkcuttingtools.com\/es\/?s={search_term_string}"},"query-input":{"@type":"PropertyValueSpecification","valueRequired":true,"valueName":"search_term_string"}}],"inLanguage":"es-ES"},{"@type":"Organization","@id":"https:\/\/ntkcuttingtools.com\/es\/#organization","name":"NTK Cutting Tools","url":"https:\/\/ntkcuttingtools.com\/es\/","logo":{"@type":"ImageObject","inLanguage":"es-ES","@id":"https:\/\/ntkcuttingtools.com\/es\/#\/schema\/logo\/image\/","url":"https:\/\/ntkcuttingtools.com\/wpdata\/wp-content\/uploads\/2024\/11\/favicon.png","contentUrl":"https:\/\/ntkcuttingtools.com\/wpdata\/wp-content\/uploads\/2024\/11\/favicon.png","width":512,"height":512,"caption":"NTK Cutting Tools"},"image":{"@id":"https:\/\/ntkcuttingtools.com\/es\/#\/schema\/logo\/image\/"},"sameAs":["https:\/\/www.facebook.com\/TungaloyNTK","https:\/\/www.linkedin.com\/company\/tungaloyntkamerica\/","https:\/\/www.instagram.com\/tungaloyntkamerica\/","https:\/\/www.youtube.com\/user\/NTKCUTTINGTOOLS"]}]}},"_links":{"self":[{"href":"https:\/\/ntkcuttingtools.com\/es\/wp-json\/wp\/v2\/pages\/17845","targetHints":{"allow":["GET"]}}],"collection":[{"href":"https:\/\/ntkcuttingtools.com\/es\/wp-json\/wp\/v2\/pages"}],"about":[{"href":"https:\/\/ntkcuttingtools.com\/es\/wp-json\/wp\/v2\/types\/page"}],"author":[{"embeddable":true,"href":"https:\/\/ntkcuttingtools.com\/es\/wp-json\/wp\/v2\/users\/5"}],"replies":[{"embeddable":true,"href":"https:\/\/ntkcuttingtools.com\/es\/wp-json\/wp\/v2\/comments?post=17845"}],"version-history":[{"count":5,"href":"https:\/\/ntkcuttingtools.com\/es\/wp-json\/wp\/v2\/pages\/17845\/revisions"}],"predecessor-version":[{"id":18933,"href":"https:\/\/ntkcuttingtools.com\/es\/wp-json\/wp\/v2\/pages\/17845\/revisions\/18933"}],"wp:attachment":[{"href":"https:\/\/ntkcuttingtools.com\/es\/wp-json\/wp\/v2\/media?parent=17845"}],"curies":[{"name":"wp","href":"https:\/\/api.w.org\/{rel}","templated":true}]}}