{"id":17925,"date":"2024-10-22T15:40:00","date_gmt":"2024-10-22T06:40:00","guid":{"rendered":"https:\/\/ntkcuttingtools.com\/certificado-iso\/"},"modified":"2026-01-09T18:12:51","modified_gmt":"2026-01-09T09:12:51","slug":"certificado-iso","status":"publish","type":"page","link":"https:\/\/ntkcuttingtools.com\/es\/acerca-de-ntk-cutting-tools\/certificado-iso\/","title":{"rendered":"Certificado ISO"},"content":{"rendered":"\t\t<div data-elementor-type=\"wp-page\" data-elementor-id=\"17925\" class=\"elementor elementor-17925 elementor-35\" data-elementor-post-type=\"page\">\n\t\t\t\t<div class=\"elementor-element elementor-element-4042e06 e-con-full e-flex e-con e-parent\" data-id=\"4042e06\" data-element_type=\"container\" data-e-type=\"container\" data-settings=\"{&quot;background_background&quot;:&quot;classic&quot;}\">\n\t\t<div class=\"elementor-element elementor-element-055ee7f e-flex e-con-boxed e-con e-child\" data-id=\"055ee7f\" data-element_type=\"container\" data-e-type=\"container\">\n\t\t\t\t\t<div class=\"e-con-inner\">\n\t\t\t\t<div class=\"elementor-element elementor-element-458a8a9 elementor-widget elementor-widget-heading\" data-id=\"458a8a9\" data-element_type=\"widget\" data-e-type=\"widget\" data-widget_type=\"heading.default\">\n\t\t\t\t\t<p class=\"elementor-heading-title elementor-size-default\">Certificado de la Organizaci\u00f3n Internacional de Normalizaci\u00f3n<\/p>\t\t\t\t<\/div>\n\t\t\t\t\t<\/div>\n\t\t\t\t<\/div>\n\t\t\t\t<\/div>\n\t\t<div class=\"elementor-element elementor-element-60bc3bd e-flex e-con-boxed e-con e-parent\" data-id=\"60bc3bd\" data-element_type=\"container\" data-e-type=\"container\">\n\t\t\t\t\t<div class=\"e-con-inner\">\n\t\t\t\t<div class=\"elementor-element elementor-element-3e2208f elementor-widget elementor-widget-breadcrumbs\" data-id=\"3e2208f\" data-element_type=\"widget\" data-e-type=\"widget\" data-widget_type=\"breadcrumbs.default\">\n\t\t\t\t\t<span id=\"breadcrumbs\"><span><span><a href=\"https:\/\/ntkcuttingtools.com\/es\/\">Inicio<\/a><\/span><\/span><\/span>\t\t\t\t<\/div>\n\t\t\t\t\t<\/div>\n\t\t\t\t<\/div>\n\t\t<div class=\"elementor-element elementor-element-0588dfe e-flex e-con-boxed e-con e-parent\" data-id=\"0588dfe\" data-element_type=\"container\" data-e-type=\"container\" data-settings=\"{&quot;background_background&quot;:&quot;classic&quot;}\">\n\t\t\t\t\t<div class=\"e-con-inner\">\n\t\t\t\t<div class=\"elementor-element elementor-element-e6d232a elementor-widget elementor-widget-text-editor\" data-id=\"e6d232a\" data-element_type=\"widget\" data-e-type=\"widget\" data-widget_type=\"text-editor.default\">\n\t\t\t\t\t\t\t\t\t<p>Pulsa el bot\u00f3n de cada idioma para descargar el certificado.<\/p>\n\t\t\t\t\t\t\t\t<\/div>\n\t\t\t\t<div class=\"elementor-element elementor-element-13ee4de elementor-widget elementor-widget-spacer\" data-id=\"13ee4de\" data-element_type=\"widget\" data-e-type=\"widget\" data-widget_type=\"spacer.default\">\n\t\t\t\t\t\t\t<div class=\"elementor-spacer\">\n\t\t\t<div class=\"elementor-spacer-inner\"><\/div>\n\t\t<\/div>\n\t\t\t\t\t\t<\/div>\n\t\t<div class=\"elementor-element elementor-element-9f889b3 e-con-full e-flex e-con e-child\" data-id=\"9f889b3\" data-element_type=\"container\" data-e-type=\"container\">\n\t\t\t\t<div class=\"elementor-element elementor-element-ae1b638 elementor-widget elementor-widget-heading\" data-id=\"ae1b638\" data-element_type=\"widget\" data-e-type=\"widget\" data-widget_type=\"heading.default\">\n\t\t\t\t\t<h5 class=\"elementor-heading-title elementor-size-default\">Certificado ISO9001<\/h5>\t\t\t\t<\/div>\n\t\t<div class=\"elementor-element elementor-element-4d23f8f e-con-full e-flex e-con e-child\" data-id=\"4d23f8f\" data-element_type=\"container\" data-e-type=\"container\">\n\t\t\t\t<div class=\"elementor-element elementor-element-34d5d9a elementor-align-justify elementor-widget__width-initial elementor-widget elementor-widget-button\" data-id=\"34d5d9a\" data-element_type=\"widget\" data-e-type=\"widget\" data-widget_type=\"button.default\">\n\t\t\t\t\t\t\t\t\t\t<a class=\"elementor-button elementor-button-link elementor-size-sm\" href=\"\/wpdata\/wp-content\/uploads\/2024\/11\/ISO9001_Certificate_ja_ntk.pdf\" target=\"_blank\">\n\t\t\t\t\t\t<span class=\"elementor-button-content-wrapper\">\n\t\t\t\t\t\t<span class=\"elementor-button-icon\">\n\t\t\t\t<i aria-hidden=\"true\" class=\"icon icon-icon-download\"><\/i>\t\t\t<\/span>\n\t\t\t\t\t\t\t\t\t<span class=\"elementor-button-text\">Japon\u00e9s<\/span>\n\t\t\t\t\t<\/span>\n\t\t\t\t\t<\/a>\n\t\t\t\t\t\t\t\t<\/div>\n\t\t\t\t<div class=\"elementor-element elementor-element-da74e54 elementor-align-justify elementor-widget__width-initial elementor-widget elementor-widget-button\" data-id=\"da74e54\" data-element_type=\"widget\" data-e-type=\"widget\" data-widget_type=\"button.default\">\n\t\t\t\t\t\t\t\t\t\t<a class=\"elementor-button elementor-button-link elementor-size-sm\" href=\"\/wpdata\/wp-content\/uploads\/2024\/11\/ISO9001_Certificate_en_ntk.pdf\" target=\"_blank\">\n\t\t\t\t\t\t<span class=\"elementor-button-content-wrapper\">\n\t\t\t\t\t\t<span class=\"elementor-button-icon\">\n\t\t\t\t<i aria-hidden=\"true\" class=\"icon icon-icon-download\"><\/i>\t\t\t<\/span>\n\t\t\t\t\t\t\t\t\t<span class=\"elementor-button-text\">Ingl\u00e9s<\/span>\n\t\t\t\t\t<\/span>\n\t\t\t\t\t<\/a>\n\t\t\t\t\t\t\t\t<\/div>\n\t\t\t\t<\/div>\n\t\t\t\t<\/div>\n\t\t<div class=\"elementor-element elementor-element-ce8c78e e-con-full e-flex e-con e-child\" data-id=\"ce8c78e\" data-element_type=\"container\" data-e-type=\"container\">\n\t\t\t\t<div class=\"elementor-element elementor-element-43f2003 elementor-widget elementor-widget-heading\" data-id=\"43f2003\" data-element_type=\"widget\" data-e-type=\"widget\" data-widget_type=\"heading.default\">\n\t\t\t\t\t<h5 class=\"elementor-heading-title elementor-size-default\">Certificado ISO14001<\/h5>\t\t\t\t<\/div>\n\t\t<div class=\"elementor-element elementor-element-0088f51 e-con-full e-flex e-con e-child\" data-id=\"0088f51\" data-element_type=\"container\" data-e-type=\"container\">\n\t\t\t\t<div class=\"elementor-element elementor-element-d99fab3 elementor-align-justify elementor-widget__width-initial elementor-widget elementor-widget-button\" data-id=\"d99fab3\" data-element_type=\"widget\" data-e-type=\"widget\" data-widget_type=\"button.default\">\n\t\t\t\t\t\t\t\t\t\t<a class=\"elementor-button elementor-button-link elementor-size-sm\" href=\"\/wpdata\/wp-content\/uploads\/2025\/06\/ISO14001_Certificate_ver8_ja.pdf\" target=\"_blank\">\n\t\t\t\t\t\t<span class=\"elementor-button-content-wrapper\">\n\t\t\t\t\t\t<span class=\"elementor-button-icon\">\n\t\t\t\t<i aria-hidden=\"true\" class=\"icon icon-icon-download\"><\/i>\t\t\t<\/span>\n\t\t\t\t\t\t\t\t\t<span class=\"elementor-button-text\">Japanese<\/span>\n\t\t\t\t\t<\/span>\n\t\t\t\t\t<\/a>\n\t\t\t\t\t\t\t\t<\/div>\n\t\t\t\t<div class=\"elementor-element elementor-element-3951d7c elementor-align-justify elementor-widget__width-initial elementor-widget elementor-widget-button\" data-id=\"3951d7c\" data-element_type=\"widget\" data-e-type=\"widget\" data-widget_type=\"button.default\">\n\t\t\t\t\t\t\t\t\t\t<a class=\"elementor-button elementor-button-link elementor-size-sm\" href=\"\/wpdata\/wp-content\/uploads\/2025\/06\/ISO14001_Certificate_ver8_en.pdf\" target=\"_blank\">\n\t\t\t\t\t\t<span class=\"elementor-button-content-wrapper\">\n\t\t\t\t\t\t<span class=\"elementor-button-icon\">\n\t\t\t\t<i aria-hidden=\"true\" class=\"icon icon-icon-download\"><\/i>\t\t\t<\/span>\n\t\t\t\t\t\t\t\t\t<span class=\"elementor-button-text\">English<\/span>\n\t\t\t\t\t<\/span>\n\t\t\t\t\t<\/a>\n\t\t\t\t\t\t\t\t<\/div>\n\t\t\t\t<\/div>\n\t\t\t\t<\/div>\n\t\t<div class=\"elementor-element elementor-element-a2a10d2 e-con-full e-flex e-con e-child\" data-id=\"a2a10d2\" data-element_type=\"container\" data-e-type=\"container\">\n\t\t\t\t<div class=\"elementor-element elementor-element-2d67f12 elementor-widget elementor-widget-heading\" data-id=\"2d67f12\" data-element_type=\"widget\" data-e-type=\"widget\" data-widget_type=\"heading.default\">\n\t\t\t\t\t<h5 class=\"elementor-heading-title elementor-size-default\">Certificado ISO45001<\/h5>\t\t\t\t<\/div>\n\t\t<div class=\"elementor-element elementor-element-fd425ee e-con-full e-flex e-con e-child\" data-id=\"fd425ee\" data-element_type=\"container\" data-e-type=\"container\">\n\t\t\t\t<div class=\"elementor-element elementor-element-328003c elementor-align-justify elementor-widget__width-initial elementor-widget elementor-widget-button\" data-id=\"328003c\" data-element_type=\"widget\" data-e-type=\"widget\" data-widget_type=\"button.default\">\n\t\t\t\t\t\t\t\t\t\t<a class=\"elementor-button elementor-button-link elementor-size-sm\" href=\"\/wpdata\/wp-content\/uploads\/2026\/01\/ISO45001_Certificate_ver8_ja.pdf\" target=\"_blank\">\n\t\t\t\t\t\t<span class=\"elementor-button-content-wrapper\">\n\t\t\t\t\t\t<span class=\"elementor-button-icon\">\n\t\t\t\t<i aria-hidden=\"true\" class=\"icon icon-icon-download\"><\/i>\t\t\t<\/span>\n\t\t\t\t\t\t\t\t\t<span class=\"elementor-button-text\">Japanese<\/span>\n\t\t\t\t\t<\/span>\n\t\t\t\t\t<\/a>\n\t\t\t\t\t\t\t\t<\/div>\n\t\t\t\t<div class=\"elementor-element elementor-element-b985a8e elementor-align-justify elementor-widget__width-initial elementor-widget elementor-widget-button\" data-id=\"b985a8e\" data-element_type=\"widget\" data-e-type=\"widget\" data-widget_type=\"button.default\">\n\t\t\t\t\t\t\t\t\t\t<a class=\"elementor-button elementor-button-link elementor-size-sm\" href=\"\/wpdata\/wp-content\/uploads\/2026\/01\/ISO45001_Certificate_ver8_en.pdf\" target=\"_blank\">\n\t\t\t\t\t\t<span class=\"elementor-button-content-wrapper\">\n\t\t\t\t\t\t<span class=\"elementor-button-icon\">\n\t\t\t\t<i aria-hidden=\"true\" class=\"icon icon-icon-download\"><\/i>\t\t\t<\/span>\n\t\t\t\t\t\t\t\t\t<span class=\"elementor-button-text\">English<\/span>\n\t\t\t\t\t<\/span>\n\t\t\t\t\t<\/a>\n\t\t\t\t\t\t\t\t<\/div>\n\t\t\t\t<\/div>\n\t\t\t\t<\/div>\n\t\t\t\t\t<\/div>\n\t\t\t\t<\/div>\n\t\t\t\t<\/div>\n\t\t","protected":false},"excerpt":{"rendered":"<p>Certificado de la Organizaci\u00f3n Internacional de Normalizaci\u00f3n Pulsa el bot\u00f3n de cada idioma para descargar el certificado. Certificado ISO9001 Japon\u00e9s Ingl\u00e9s Certificado ISO14001 Japanese English Certificado ISO45001 Japanese English<\/p>\n","protected":false},"author":2,"featured_media":0,"parent":18150,"menu_order":0,"comment_status":"closed","ping_status":"closed","template":"","meta":{"_acf_changed":false,"footnotes":""},"class_list":["post-17925","page","type-page","status-publish","hentry"],"acf":[],"yoast_head":"<!-- This site is optimized with the Yoast SEO plugin v27.4 - https:\/\/yoast.com\/product\/yoast-seo-wordpress\/ -->\n<title>Certificado ISO - NTK Cutting Tools<\/title>\n<meta name=\"robots\" content=\"index, follow, max-snippet:-1, max-image-preview:large, max-video-preview:-1\" \/>\n<link rel=\"canonical\" href=\"https:\/\/ntkcuttingtools.com\/es\/acerca-de-ntk-cutting-tools\/certificado-iso\/\" \/>\n<meta property=\"og:locale\" content=\"es_ES\" \/>\n<meta property=\"og:type\" content=\"article\" \/>\n<meta property=\"og:title\" content=\"Certificado ISO - NTK Cutting Tools\" \/>\n<meta property=\"og:description\" content=\"Certificado de la Organizaci\u00f3n Internacional de Normalizaci\u00f3n Pulsa el bot\u00f3n de cada idioma para descargar el certificado. Certificado ISO9001 Japon\u00e9s Ingl\u00e9s Certificado ISO14001 Japanese English Certificado ISO45001 Japanese English\" \/>\n<meta property=\"og:url\" content=\"https:\/\/ntkcuttingtools.com\/es\/acerca-de-ntk-cutting-tools\/certificado-iso\/\" \/>\n<meta property=\"og:site_name\" content=\"NTK Cutting Tools\" \/>\n<meta property=\"article:publisher\" content=\"https:\/\/www.facebook.com\/TungaloyNTK\" \/>\n<meta property=\"article:modified_time\" content=\"2026-01-09T09:12:51+00:00\" \/>\n<meta name=\"twitter:card\" content=\"summary_large_image\" \/>\n<meta name=\"twitter:label1\" content=\"Est. reading time\" \/>\n\t<meta name=\"twitter:data1\" content=\"1 minute\" \/>\n<script type=\"application\/ld+json\" class=\"yoast-schema-graph\">{\"@context\":\"https:\\\/\\\/schema.org\",\"@graph\":[{\"@type\":\"WebPage\",\"@id\":\"https:\\\/\\\/ntkcuttingtools.com\\\/es\\\/acerca-de-ntk-cutting-tools\\\/certificado-iso\\\/\",\"url\":\"https:\\\/\\\/ntkcuttingtools.com\\\/es\\\/acerca-de-ntk-cutting-tools\\\/certificado-iso\\\/\",\"name\":\"Certificado ISO - NTK Cutting Tools\",\"isPartOf\":{\"@id\":\"https:\\\/\\\/ntkcuttingtools.com\\\/es\\\/#website\"},\"datePublished\":\"2024-10-22T06:40:00+00:00\",\"dateModified\":\"2026-01-09T09:12:51+00:00\",\"breadcrumb\":{\"@id\":\"https:\\\/\\\/ntkcuttingtools.com\\\/es\\\/acerca-de-ntk-cutting-tools\\\/certificado-iso\\\/#breadcrumb\"},\"inLanguage\":\"es-ES\",\"potentialAction\":[{\"@type\":\"ReadAction\",\"target\":[\"https:\\\/\\\/ntkcuttingtools.com\\\/es\\\/acerca-de-ntk-cutting-tools\\\/certificado-iso\\\/\"]}]},{\"@type\":\"BreadcrumbList\",\"@id\":\"https:\\\/\\\/ntkcuttingtools.com\\\/es\\\/acerca-de-ntk-cutting-tools\\\/certificado-iso\\\/#breadcrumb\",\"itemListElement\":[{\"@type\":\"ListItem\",\"position\":1,\"name\":\"Inicio\",\"item\":\"https:\\\/\\\/ntkcuttingtools.com\\\/es\\\/\"},{\"@type\":\"ListItem\",\"position\":2,\"name\":\"Acerca de NTK Cutting Tools\",\"item\":\"https:\\\/\\\/ntkcuttingtools.com\\\/es\\\/acerca-de-ntk-cutting-tools\\\/\"},{\"@type\":\"ListItem\",\"position\":3,\"name\":\"Certificado ISO\"}]},{\"@type\":\"WebSite\",\"@id\":\"https:\\\/\\\/ntkcuttingtools.com\\\/es\\\/#website\",\"url\":\"https:\\\/\\\/ntkcuttingtools.com\\\/es\\\/\",\"name\":\"NTK Cutting Tools\",\"description\":\"\",\"publisher\":{\"@id\":\"https:\\\/\\\/ntkcuttingtools.com\\\/es\\\/#organization\"},\"potentialAction\":[{\"@type\":\"SearchAction\",\"target\":{\"@type\":\"EntryPoint\",\"urlTemplate\":\"https:\\\/\\\/ntkcuttingtools.com\\\/es\\\/?s={search_term_string}\"},\"query-input\":{\"@type\":\"PropertyValueSpecification\",\"valueRequired\":true,\"valueName\":\"search_term_string\"}}],\"inLanguage\":\"es-ES\"},{\"@type\":\"Organization\",\"@id\":\"https:\\\/\\\/ntkcuttingtools.com\\\/es\\\/#organization\",\"name\":\"NTK Cutting Tools\",\"url\":\"https:\\\/\\\/ntkcuttingtools.com\\\/es\\\/\",\"logo\":{\"@type\":\"ImageObject\",\"inLanguage\":\"es-ES\",\"@id\":\"https:\\\/\\\/ntkcuttingtools.com\\\/es\\\/#\\\/schema\\\/logo\\\/image\\\/\",\"url\":\"https:\\\/\\\/ntkcuttingtools.com\\\/wpdata\\\/wp-content\\\/uploads\\\/2024\\\/11\\\/favicon.png\",\"contentUrl\":\"https:\\\/\\\/ntkcuttingtools.com\\\/wpdata\\\/wp-content\\\/uploads\\\/2024\\\/11\\\/favicon.png\",\"width\":512,\"height\":512,\"caption\":\"NTK Cutting Tools\"},\"image\":{\"@id\":\"https:\\\/\\\/ntkcuttingtools.com\\\/es\\\/#\\\/schema\\\/logo\\\/image\\\/\"},\"sameAs\":[\"https:\\\/\\\/www.facebook.com\\\/TungaloyNTK\",\"https:\\\/\\\/www.linkedin.com\\\/company\\\/tungaloyntkamerica\\\/\",\"https:\\\/\\\/www.instagram.com\\\/tungaloyntkamerica\\\/\",\"https:\\\/\\\/www.youtube.com\\\/user\\\/NTKCUTTINGTOOLS\"]}]}<\/script>\n<!-- \/ Yoast SEO plugin. -->","yoast_head_json":{"title":"Certificado ISO - NTK Cutting Tools","robots":{"index":"index","follow":"follow","max-snippet":"max-snippet:-1","max-image-preview":"max-image-preview:large","max-video-preview":"max-video-preview:-1"},"canonical":"https:\/\/ntkcuttingtools.com\/es\/acerca-de-ntk-cutting-tools\/certificado-iso\/","og_locale":"es_ES","og_type":"article","og_title":"Certificado ISO - NTK Cutting Tools","og_description":"Certificado de la Organizaci\u00f3n Internacional de Normalizaci\u00f3n Pulsa el bot\u00f3n de cada idioma para descargar el certificado. Certificado ISO9001 Japon\u00e9s Ingl\u00e9s Certificado ISO14001 Japanese English Certificado ISO45001 Japanese English","og_url":"https:\/\/ntkcuttingtools.com\/es\/acerca-de-ntk-cutting-tools\/certificado-iso\/","og_site_name":"NTK Cutting Tools","article_publisher":"https:\/\/www.facebook.com\/TungaloyNTK","article_modified_time":"2026-01-09T09:12:51+00:00","twitter_card":"summary_large_image","twitter_misc":{"Est. reading time":"1 minute"},"schema":{"@context":"https:\/\/schema.org","@graph":[{"@type":"WebPage","@id":"https:\/\/ntkcuttingtools.com\/es\/acerca-de-ntk-cutting-tools\/certificado-iso\/","url":"https:\/\/ntkcuttingtools.com\/es\/acerca-de-ntk-cutting-tools\/certificado-iso\/","name":"Certificado ISO - NTK Cutting Tools","isPartOf":{"@id":"https:\/\/ntkcuttingtools.com\/es\/#website"},"datePublished":"2024-10-22T06:40:00+00:00","dateModified":"2026-01-09T09:12:51+00:00","breadcrumb":{"@id":"https:\/\/ntkcuttingtools.com\/es\/acerca-de-ntk-cutting-tools\/certificado-iso\/#breadcrumb"},"inLanguage":"es-ES","potentialAction":[{"@type":"ReadAction","target":["https:\/\/ntkcuttingtools.com\/es\/acerca-de-ntk-cutting-tools\/certificado-iso\/"]}]},{"@type":"BreadcrumbList","@id":"https:\/\/ntkcuttingtools.com\/es\/acerca-de-ntk-cutting-tools\/certificado-iso\/#breadcrumb","itemListElement":[{"@type":"ListItem","position":1,"name":"Inicio","item":"https:\/\/ntkcuttingtools.com\/es\/"},{"@type":"ListItem","position":2,"name":"Acerca de NTK Cutting Tools","item":"https:\/\/ntkcuttingtools.com\/es\/acerca-de-ntk-cutting-tools\/"},{"@type":"ListItem","position":3,"name":"Certificado ISO"}]},{"@type":"WebSite","@id":"https:\/\/ntkcuttingtools.com\/es\/#website","url":"https:\/\/ntkcuttingtools.com\/es\/","name":"NTK Cutting Tools","description":"","publisher":{"@id":"https:\/\/ntkcuttingtools.com\/es\/#organization"},"potentialAction":[{"@type":"SearchAction","target":{"@type":"EntryPoint","urlTemplate":"https:\/\/ntkcuttingtools.com\/es\/?s={search_term_string}"},"query-input":{"@type":"PropertyValueSpecification","valueRequired":true,"valueName":"search_term_string"}}],"inLanguage":"es-ES"},{"@type":"Organization","@id":"https:\/\/ntkcuttingtools.com\/es\/#organization","name":"NTK Cutting Tools","url":"https:\/\/ntkcuttingtools.com\/es\/","logo":{"@type":"ImageObject","inLanguage":"es-ES","@id":"https:\/\/ntkcuttingtools.com\/es\/#\/schema\/logo\/image\/","url":"https:\/\/ntkcuttingtools.com\/wpdata\/wp-content\/uploads\/2024\/11\/favicon.png","contentUrl":"https:\/\/ntkcuttingtools.com\/wpdata\/wp-content\/uploads\/2024\/11\/favicon.png","width":512,"height":512,"caption":"NTK Cutting Tools"},"image":{"@id":"https:\/\/ntkcuttingtools.com\/es\/#\/schema\/logo\/image\/"},"sameAs":["https:\/\/www.facebook.com\/TungaloyNTK","https:\/\/www.linkedin.com\/company\/tungaloyntkamerica\/","https:\/\/www.instagram.com\/tungaloyntkamerica\/","https:\/\/www.youtube.com\/user\/NTKCUTTINGTOOLS"]}]}},"_links":{"self":[{"href":"https:\/\/ntkcuttingtools.com\/es\/wp-json\/wp\/v2\/pages\/17925","targetHints":{"allow":["GET"]}}],"collection":[{"href":"https:\/\/ntkcuttingtools.com\/es\/wp-json\/wp\/v2\/pages"}],"about":[{"href":"https:\/\/ntkcuttingtools.com\/es\/wp-json\/wp\/v2\/types\/page"}],"author":[{"embeddable":true,"href":"https:\/\/ntkcuttingtools.com\/es\/wp-json\/wp\/v2\/users\/2"}],"replies":[{"embeddable":true,"href":"https:\/\/ntkcuttingtools.com\/es\/wp-json\/wp\/v2\/comments?post=17925"}],"version-history":[{"count":4,"href":"https:\/\/ntkcuttingtools.com\/es\/wp-json\/wp\/v2\/pages\/17925\/revisions"}],"predecessor-version":[{"id":31321,"href":"https:\/\/ntkcuttingtools.com\/es\/wp-json\/wp\/v2\/pages\/17925\/revisions\/31321"}],"up":[{"embeddable":true,"href":"https:\/\/ntkcuttingtools.com\/es\/wp-json\/wp\/v2\/pages\/18150"}],"wp:attachment":[{"href":"https:\/\/ntkcuttingtools.com\/es\/wp-json\/wp\/v2\/media?parent=17925"}],"curies":[{"name":"wp","href":"https:\/\/api.w.org\/{rel}","templated":true}]}}