{"id":18130,"date":"2024-10-09T01:57:04","date_gmt":"2024-10-08T16:57:04","guid":{"rendered":"https:\/\/ntkcuttingtools.com\/politica-de-privacidad\/"},"modified":"2025-03-27T14:10:17","modified_gmt":"2025-03-27T05:10:17","slug":"politica-de-privacidad","status":"publish","type":"page","link":"https:\/\/ntkcuttingtools.com\/es\/acerca-de-ntk-cutting-tools\/politica-de-privacidad\/","title":{"rendered":"Pol\u00edtica de privacidad"},"content":{"rendered":"\t\t<div data-elementor-type=\"wp-page\" data-elementor-id=\"18130\" class=\"elementor elementor-18130 elementor-3\" data-elementor-post-type=\"page\">\n\t\t\t\t<div class=\"elementor-element elementor-element-f6467d7 e-con-full e-flex e-con e-parent\" data-id=\"f6467d7\" data-element_type=\"container\" data-e-type=\"container\" data-settings=\"{&quot;background_background&quot;:&quot;classic&quot;}\">\n\t\t<div class=\"elementor-element elementor-element-0a38179 e-flex e-con-boxed e-con e-child\" data-id=\"0a38179\" data-element_type=\"container\" data-e-type=\"container\">\n\t\t\t\t\t<div class=\"e-con-inner\">\n\t\t\t\t<div class=\"elementor-element elementor-element-041a9ba elementor-widget elementor-widget-heading\" data-id=\"041a9ba\" data-element_type=\"widget\" data-e-type=\"widget\" data-widget_type=\"heading.default\">\n\t\t\t\t\t<p class=\"elementor-heading-title elementor-size-default\">Tratamiento de datos personales<\/p>\t\t\t\t<\/div>\n\t\t\t\t\t<\/div>\n\t\t\t\t<\/div>\n\t\t\t\t<\/div>\n\t\t<div class=\"elementor-element elementor-element-1286ccc e-flex e-con-boxed e-con e-parent\" data-id=\"1286ccc\" data-element_type=\"container\" data-e-type=\"container\">\n\t\t\t\t\t<div class=\"e-con-inner\">\n\t\t\t\t<div class=\"elementor-element elementor-element-81718f9 elementor-widget elementor-widget-breadcrumbs\" data-id=\"81718f9\" data-element_type=\"widget\" data-e-type=\"widget\" data-widget_type=\"breadcrumbs.default\">\n\t\t\t\t\t<span id=\"breadcrumbs\"><span><span><a href=\"https:\/\/ntkcuttingtools.com\/es\/\">Inicio<\/a><\/span><\/span><\/span>\t\t\t\t<\/div>\n\t\t\t\t\t<\/div>\n\t\t\t\t<\/div>\n\t\t<div class=\"elementor-element elementor-element-d5197c6 e-flex e-con-boxed e-con e-parent\" data-id=\"d5197c6\" data-element_type=\"container\" data-e-type=\"container\">\n\t\t\t\t\t<div class=\"e-con-inner\">\n\t\t<div class=\"elementor-element elementor-element-3334142 e-con-full e-flex e-con e-child\" data-id=\"3334142\" data-element_type=\"container\" data-e-type=\"container\">\n\t\t\t\t<div class=\"elementor-element elementor-element-70208e8 elementor-widget elementor-widget-heading\" data-id=\"70208e8\" data-element_type=\"widget\" data-e-type=\"widget\" data-widget_type=\"heading.default\">\n\t\t\t\t\t<h3 class=\"elementor-heading-title elementor-size-default\">Pol\u00edticas de protecci\u00f3n de datos personales<\/h3>\t\t\t\t<\/div>\n\t\t\t\t<\/div>\n\t\t\t\t<div class=\"elementor-element elementor-element-c84276e elementor-widget elementor-widget-text-editor\" data-id=\"c84276e\" data-element_type=\"widget\" data-e-type=\"widget\" data-widget_type=\"text-editor.default\">\n\t\t\t\t\t\t\t\t\t<p>NTK CUTTING TOOLS Co. Ltd. (en lo sucesivo, &#8220;nuestro Grupo&#8221;) reconocen la importancia de la informaci\u00f3n personal, han establecido una Pol\u00edtica de Privacidad y cumplen estrictamente esta Pol\u00edtica con el fin de garantizar una adquisici\u00f3n, uso y gesti\u00f3n seguros.<\/p>\n\t\t\t\t\t\t\t\t<\/div>\n\t\t\t\t<div class=\"elementor-element elementor-element-82e9371 elementor-widget-divider--view-line elementor-widget elementor-widget-divider\" data-id=\"82e9371\" data-element_type=\"widget\" data-e-type=\"widget\" data-widget_type=\"divider.default\">\n\t\t\t\t\t\t\t<div class=\"elementor-divider\">\n\t\t\t<span class=\"elementor-divider-separator\">\n\t\t\t\t\t\t<\/span>\n\t\t<\/div>\n\t\t\t\t\t\t<\/div>\n\t\t\t\t<div class=\"elementor-element elementor-element-886bcf3 elementor-widget elementor-widget-text-editor\" data-id=\"886bcf3\" data-element_type=\"widget\" data-e-type=\"widget\" data-widget_type=\"text-editor.default\">\n\t\t\t\t\t\t\t\t\t<h4>1. Informaci\u00f3n personal<\/h4>\n<p>En esta Pol\u00edtica de Privacidad, &#8220;Informaci\u00f3n Personal&#8221; se refiere a cualquier informaci\u00f3n proporcionada por los clientes de NTK CUTTING TOOLS y cualquier otra parte implicada en las actividades comerciales de NTK CUTTING TOOLS (incluidos socios comerciales, accionistas, empleados, etc.; en lo sucesivo, la &#8220;parte interesada&#8221;), incluido el nombre, la fecha de nacimiento, la edad, la ocupaci\u00f3n, la direcci\u00f3n, el n\u00famero de tel\u00e9fono, la direcci\u00f3n de correo electr\u00f3nico, la direcci\u00f3n IP, las cookies, el ID y cualquier otra informaci\u00f3n por la que se pueda identificar a la parte interesada.<\/p>\n\t\t\t\t\t\t\t\t<\/div>\n\t\t\t\t<div class=\"elementor-element elementor-element-d4c96a4 elementor-widget elementor-widget-text-editor\" data-id=\"d4c96a4\" data-element_type=\"widget\" data-e-type=\"widget\" data-widget_type=\"text-editor.default\">\n\t\t\t\t\t\t\t\t\t<h4>2. Adquisici\u00f3n adecuada de informaci\u00f3n personal<\/h4>\n<p>Nuestro Grupo adquiere informaci\u00f3n personal de la parte interesada por medios apropiados y justos en la medida necesaria para la implementaci\u00f3n empresarial de nuestro Grupo.<\/p>\t\t\t\t\t\t\t\t<\/div>\n\t\t\t\t<div class=\"elementor-element elementor-element-d923d39 elementor-widget elementor-widget-text-editor\" data-id=\"d923d39\" data-element_type=\"widget\" data-e-type=\"widget\" data-widget_type=\"text-editor.default\">\n\t\t\t\t\t\t\t\t\t<h4>3. Finalidad del uso de la informaci\u00f3n personal<\/h4>\n<p>Nuestro Grupo utiliza los Datos Personales del interesado \u00fanicamente para los fines notificados al interesado en el momento de la adquisici\u00f3n o para los siguientes fines de uso:<br \/>(1) Suministro y mantenimiento de los productos y servicios que comercializa nuestro Grupo (en adelante, los &#8220;Productos, etc.&#8221;);<br \/>(2) Planificaci\u00f3n, desarrollo, fabricaci\u00f3n, venta e instalaci\u00f3n de los Productos, etc;<br \/>(3) Suministro de informaci\u00f3n sobre productos, material, muestras relativas a los Productos, etc., y suministro\/orientaci\u00f3n de campa\u00f1as y eventos diversos;<br \/>(4) Investigaci\u00f3n y an\u00e1lisis de encuestas, etc. relativas a los Productos, etc.;<br \/>(5) Responder a consultas, comentarios y solicitudes de los clientes;<br \/>(6) Contactos comerciales con socios comerciales, y mantenimiento y establecimiento de relaciones comerciales;<br \/>(7) Contrataci\u00f3n de empleados y gesti\u00f3n del personal; y<br \/>(8) Prestaciones sociales para los empleados, etc.<\/p>\n\t\t\t\t\t\t\t\t<\/div>\n\t\t\t\t<div class=\"elementor-element elementor-element-02a1ac4 elementor-widget elementor-widget-text-editor\" data-id=\"02a1ac4\" data-element_type=\"widget\" data-e-type=\"widget\" data-widget_type=\"text-editor.default\">\n\t\t\t\t\t\t\t\t\t<h4>4. Uso conjunto de informaci\u00f3n personal<\/h4>\n<p>Nuestro grupo podr\u00e1, en la medida de la finalidad de uso estipulada en el punto 3., utilizar conjuntamente con las empresas de nuestro Grupo cualquier informaci\u00f3n relativa a nombre, direcci\u00f3n, lugar de trabajo, puesto de trabajo, historial de compras y tendencia (no obstante, se excluir\u00e1n los Datos Personales de los accionistas); con respecto a los empleados de NTK CUTTING TOOLS, Nuestro grupo podr\u00e1 utilizar conjuntamente informaci\u00f3n relativa a historial personal, estructura familiar y fotos de la cara, adem\u00e1s de la informaci\u00f3n mencionada anteriormente.<\/p>\n<p>(1) \u00c1mbito de las Partes de Uso Conjunto<br \/>Empresas de nuestro Grupo<br \/>(2) Parte responsable de la gesti\u00f3n de la Informaci\u00f3n Personal<br \/>NTK CUTTING TOOLS Co., Ltd. Secci\u00f3n de Recursos Humanos y Asuntos Generales, Departamento de Administraci\u00f3n Corporativa (consulta lo siguiente. Para la direcci\u00f3n y un representante, consulta el final de este documento).<\/p>\n\t\t\t\t\t\t\t\t<\/div>\n\t\t\t\t<div class=\"elementor-element elementor-element-d75c46f elementor-widget elementor-widget-text-editor\" data-id=\"d75c46f\" data-element_type=\"widget\" data-e-type=\"widget\" data-widget_type=\"text-editor.default\">\n\t\t\t\t\t\t\t\t\t<h4>5. Suministro de informaci\u00f3n personal a terceros<\/h4>\n<p>Nuestro Grupo no proporciona ni divulga ninguna Informaci\u00f3n Personal de la parte interesada excepto cuando:<br \/>(1) se obtiene el consentimiento de la parte interesada para proporcionar o divulgar Informaci\u00f3n Personal;<br \/>(2) lo exigen las leyes y reglamentos;<br \/>(3) se conf\u00eda el manejo de la Informaci\u00f3n Personal de la parte interesada en la medida necesaria para lograr el prop\u00f3sito de uso;<br \/>(4) se utiliza conjuntamente; y<br \/>(5) se proporciona Informaci\u00f3n Personal como resultado de la sucesi\u00f3n de negocios en una fusi\u00f3n o de otro modo.<\/p>\n\t\t\t\t\t\t\t\t<\/div>\n\t\t\t\t<div class=\"elementor-element elementor-element-29e9c5a elementor-widget elementor-widget-text-editor\" data-id=\"29e9c5a\" data-element_type=\"widget\" data-e-type=\"widget\" data-widget_type=\"text-editor.default\">\n\t\t\t\t\t\t\t\t\t<h4>6. Confianza en la informaci\u00f3n personal<\/h4>\n<p>Nuestro Grupo podr\u00e1 confiar el tratamiento de los Datos Personales del interesado en la medida necesaria para lograr la finalidad de uso; en este caso, nuestro Grupo designar\u00e1 y supervisar\u00e1 adecuadamente a un fiduciario para garantizar la gesti\u00f3n segura de los Datos Personales.<\/p>\n\t\t\t\t\t\t\t\t<\/div>\n\t\t\t\t<div class=\"elementor-element elementor-element-d06883b elementor-widget elementor-widget-text-editor\" data-id=\"d06883b\" data-element_type=\"widget\" data-e-type=\"widget\" data-widget_type=\"text-editor.default\">\n\t\t\t\t\t\t\t\t\t<h4>7. Gesti\u00f3n de la informaci\u00f3n personal<\/h4>\n<p>Para proteger los Datos Personales que obran en nuestro poder, nuestro Grupo revisar\u00e1 el sistema de gesti\u00f3n para evitar cualquier filtraci\u00f3n, falsificaci\u00f3n, p\u00e9rdida, da\u00f1o y acceso no autorizado, y seguir\u00e1 esforz\u00e1ndose por mejorar este sistema. Adem\u00e1s, nuestro Grupo adopta las siguientes medidas de seguridad para el tratamiento de los datos personales de nuestros clientes.<br \/>(1) Se designar\u00e1 a una persona responsable del tratamiento de los datos personales.<br \/>(2) Se definir\u00e1n claramente los empleados que manejan informaci\u00f3n personal y el alcance de la informaci\u00f3n personal que manejan dichos empleados.<br \/>(3) Se impartir\u00e1 peri\u00f3dicamente a los empleados formaci\u00f3n sobre el tratamiento de la informaci\u00f3n personal.<br \/>(4) Se establecer\u00e1n restricciones en las zonas donde se maneje informaci\u00f3n personal, incluido el control de entrada y salida de los empleados y limitaciones en el equipo utilizado.<br \/>(5) Se implementar\u00e1 un control de acceso para limitar el alcance de los responsables y de la informaci\u00f3n personal manejada.<\/p>\n\t\t\t\t\t\t\t\t<\/div>\n\t\t\t\t<div class=\"elementor-element elementor-element-8da6679 elementor-widget elementor-widget-text-editor\" data-id=\"8da6679\" data-element_type=\"widget\" data-e-type=\"widget\" data-widget_type=\"text-editor.default\">\n\t\t\t\t\t\t\t\t\t<h4>8. Divulgaci\u00f3n, rectificaci\u00f3n, supresi\u00f3n o ejercicio de otros derechos relativos a los datos personales<\/h4>\n<p>Utiliza la siguiente informaci\u00f3n de contacto para cualquier consulta relativa a solicitudes de divulgaci\u00f3n, correcci\u00f3n, eliminaci\u00f3n y cualquier otro ejercicio de derechos relativos a la Informaci\u00f3n Personal del propio interesado en posesi\u00f3n de nuestro Grupo.<\/p>\n\t\t\t\t\t\t\t\t<\/div>\n\t\t\t\t<div class=\"elementor-element elementor-element-8fa07cd elementor-widget elementor-widget-text-editor\" data-id=\"8fa07cd\" data-element_type=\"widget\" data-e-type=\"widget\" data-widget_type=\"text-editor.default\">\n\t\t\t\t\t\t\t\t\t<h6>Secci\u00f3n de Recursos Humanos y Asuntos Generales, Departamento de Administraci\u00f3n Corporativa<br \/>2808 Iwazaki Komaki-City, Aichi 485-8510, Jap\u00f3n<\/h6>\n\t\t\t\t\t\t\t\t<\/div>\n\t\t\t\t<div class=\"elementor-element elementor-element-ff3f2e5 elementor-widget elementor-widget-text-editor\" data-id=\"ff3f2e5\" data-element_type=\"widget\" data-e-type=\"widget\" data-widget_type=\"text-editor.default\">\n\t\t\t\t\t\t\t\t\t<h4>Datos personales del interesado menor de 16 a\u00f1os<\/h4>\n<p>Los datos personales de los interesados menores de 16 a\u00f1os deben facilitarse con el consentimiento de uno de sus padres o tutores.<\/p>\n\t\t\t\t\t\t\t\t<\/div>\n\t\t\t\t<div class=\"elementor-element elementor-element-9957f3d elementor-widget elementor-widget-text-editor\" data-id=\"9957f3d\" data-element_type=\"widget\" data-e-type=\"widget\" data-widget_type=\"text-editor.default\">\n\t\t\t\t\t\t\t\t\t<h4>10. Revisi\u00f3n de la Pol\u00edtica de Privacidad<\/h4>\n<p>Nuestro Grupo puede revisar esta Pol\u00edtica de Privacidad. Compru\u00e9balo si es necesario.<\/p>\n\t\t\t\t\t\t\t\t<\/div>\n\t\t\t\t<div class=\"elementor-element elementor-element-46ae4f4 elementor-widget elementor-widget-text-editor\" data-id=\"46ae4f4\" data-element_type=\"widget\" data-e-type=\"widget\" data-widget_type=\"text-editor.default\">\n\t\t\t\t\t\t\t\t\t<p>Keisuke Makino<br \/>Director Representante y Presidente<br \/>NTK CUTTING TOOLS Co., Ltd.<br \/>2808 Iwazaki Komaki-City, Aichi 485-8510, Jap\u00f3n<\/p>\n<p>04 03, 23 actualizado<\/p>\n\t\t\t\t\t\t\t\t<\/div>\n\t\t\t\t\t<\/div>\n\t\t\t\t<\/div>\n\t\t\t\t<\/div>\n\t\t","protected":false},"excerpt":{"rendered":"<p>Tratamiento de datos personales Pol\u00edticas de protecci\u00f3n de datos personales NTK CUTTING TOOLS Co. Ltd. (en lo sucesivo, &#8220;nuestro Grupo&#8221;) reconocen la importancia de la informaci\u00f3n personal, han establecido una Pol\u00edtica de Privacidad y cumplen estrictamente esta Pol\u00edtica con el fin de garantizar una adquisici\u00f3n, uso y gesti\u00f3n seguros. 1. Informaci\u00f3n personal En esta Pol\u00edtica [&hellip;]<\/p>\n","protected":false},"author":1,"featured_media":0,"parent":18150,"menu_order":0,"comment_status":"closed","ping_status":"closed","template":"","meta":{"_acf_changed":false,"footnotes":""},"class_list":["post-18130","page","type-page","status-publish","hentry"],"acf":[],"yoast_head":"<!-- This site is optimized with the Yoast SEO plugin v27.3 - https:\/\/yoast.com\/product\/yoast-seo-wordpress\/ -->\n<title>Pol\u00edtica de privacidad - NTK Cutting Tools<\/title>\n<meta name=\"robots\" content=\"index, follow, max-snippet:-1, max-image-preview:large, max-video-preview:-1\" \/>\n<link rel=\"canonical\" href=\"https:\/\/ntkcuttingtools.com\/es\/acerca-de-ntk-cutting-tools\/politica-de-privacidad\/\" \/>\n<meta property=\"og:locale\" content=\"es_ES\" \/>\n<meta property=\"og:type\" content=\"article\" \/>\n<meta property=\"og:title\" content=\"Pol\u00edtica de privacidad - NTK Cutting Tools\" \/>\n<meta property=\"og:description\" content=\"Tratamiento de datos personales Pol\u00edticas de protecci\u00f3n de datos personales NTK CUTTING TOOLS Co. Ltd. (en lo sucesivo, &#8220;nuestro Grupo&#8221;) reconocen la importancia de la informaci\u00f3n personal, han establecido una Pol\u00edtica de Privacidad y cumplen estrictamente esta Pol\u00edtica con el fin de garantizar una adquisici\u00f3n, uso y gesti\u00f3n seguros. 1. Informaci\u00f3n personal En esta Pol\u00edtica [&hellip;]\" \/>\n<meta property=\"og:url\" content=\"https:\/\/ntkcuttingtools.com\/es\/acerca-de-ntk-cutting-tools\/politica-de-privacidad\/\" \/>\n<meta property=\"og:site_name\" content=\"NTK Cutting Tools\" \/>\n<meta property=\"article:publisher\" content=\"https:\/\/www.facebook.com\/TungaloyNTK\" \/>\n<meta property=\"article:modified_time\" content=\"2025-03-27T05:10:17+00:00\" \/>\n<meta name=\"twitter:card\" content=\"summary_large_image\" \/>\n<meta name=\"twitter:label1\" content=\"Est. reading time\" \/>\n\t<meta name=\"twitter:data1\" content=\"5 minutes\" \/>\n<script type=\"application\/ld+json\" class=\"yoast-schema-graph\">{\"@context\":\"https:\\\/\\\/schema.org\",\"@graph\":[{\"@type\":\"WebPage\",\"@id\":\"https:\\\/\\\/ntkcuttingtools.com\\\/es\\\/acerca-de-ntk-cutting-tools\\\/politica-de-privacidad\\\/\",\"url\":\"https:\\\/\\\/ntkcuttingtools.com\\\/es\\\/acerca-de-ntk-cutting-tools\\\/politica-de-privacidad\\\/\",\"name\":\"Pol\u00edtica de privacidad - NTK Cutting Tools\",\"isPartOf\":{\"@id\":\"https:\\\/\\\/ntkcuttingtools.com\\\/es\\\/#website\"},\"datePublished\":\"2024-10-08T16:57:04+00:00\",\"dateModified\":\"2025-03-27T05:10:17+00:00\",\"breadcrumb\":{\"@id\":\"https:\\\/\\\/ntkcuttingtools.com\\\/es\\\/acerca-de-ntk-cutting-tools\\\/politica-de-privacidad\\\/#breadcrumb\"},\"inLanguage\":\"es-ES\",\"potentialAction\":[{\"@type\":\"ReadAction\",\"target\":[\"https:\\\/\\\/ntkcuttingtools.com\\\/es\\\/acerca-de-ntk-cutting-tools\\\/politica-de-privacidad\\\/\"]}]},{\"@type\":\"BreadcrumbList\",\"@id\":\"https:\\\/\\\/ntkcuttingtools.com\\\/es\\\/acerca-de-ntk-cutting-tools\\\/politica-de-privacidad\\\/#breadcrumb\",\"itemListElement\":[{\"@type\":\"ListItem\",\"position\":1,\"name\":\"Inicio\",\"item\":\"https:\\\/\\\/ntkcuttingtools.com\\\/es\\\/\"},{\"@type\":\"ListItem\",\"position\":2,\"name\":\"Acerca de NTK Cutting Tools\",\"item\":\"https:\\\/\\\/ntkcuttingtools.com\\\/es\\\/acerca-de-ntk-cutting-tools\\\/\"},{\"@type\":\"ListItem\",\"position\":3,\"name\":\"Pol\u00edtica de privacidad\"}]},{\"@type\":\"WebSite\",\"@id\":\"https:\\\/\\\/ntkcuttingtools.com\\\/es\\\/#website\",\"url\":\"https:\\\/\\\/ntkcuttingtools.com\\\/es\\\/\",\"name\":\"NTK Cutting Tools\",\"description\":\"\",\"publisher\":{\"@id\":\"https:\\\/\\\/ntkcuttingtools.com\\\/es\\\/#organization\"},\"potentialAction\":[{\"@type\":\"SearchAction\",\"target\":{\"@type\":\"EntryPoint\",\"urlTemplate\":\"https:\\\/\\\/ntkcuttingtools.com\\\/es\\\/?s={search_term_string}\"},\"query-input\":{\"@type\":\"PropertyValueSpecification\",\"valueRequired\":true,\"valueName\":\"search_term_string\"}}],\"inLanguage\":\"es-ES\"},{\"@type\":\"Organization\",\"@id\":\"https:\\\/\\\/ntkcuttingtools.com\\\/es\\\/#organization\",\"name\":\"NTK Cutting Tools\",\"url\":\"https:\\\/\\\/ntkcuttingtools.com\\\/es\\\/\",\"logo\":{\"@type\":\"ImageObject\",\"inLanguage\":\"es-ES\",\"@id\":\"https:\\\/\\\/ntkcuttingtools.com\\\/es\\\/#\\\/schema\\\/logo\\\/image\\\/\",\"url\":\"https:\\\/\\\/ntkcuttingtools.com\\\/wpdata\\\/wp-content\\\/uploads\\\/2024\\\/11\\\/favicon.png\",\"contentUrl\":\"https:\\\/\\\/ntkcuttingtools.com\\\/wpdata\\\/wp-content\\\/uploads\\\/2024\\\/11\\\/favicon.png\",\"width\":512,\"height\":512,\"caption\":\"NTK Cutting Tools\"},\"image\":{\"@id\":\"https:\\\/\\\/ntkcuttingtools.com\\\/es\\\/#\\\/schema\\\/logo\\\/image\\\/\"},\"sameAs\":[\"https:\\\/\\\/www.facebook.com\\\/TungaloyNTK\",\"https:\\\/\\\/www.linkedin.com\\\/company\\\/tungaloyntkamerica\\\/\",\"https:\\\/\\\/www.instagram.com\\\/tungaloyntkamerica\\\/\",\"https:\\\/\\\/www.youtube.com\\\/user\\\/NTKCUTTINGTOOLS\"]}]}<\/script>\n<!-- \/ Yoast SEO plugin. -->","yoast_head_json":{"title":"Pol\u00edtica de privacidad - NTK Cutting Tools","robots":{"index":"index","follow":"follow","max-snippet":"max-snippet:-1","max-image-preview":"max-image-preview:large","max-video-preview":"max-video-preview:-1"},"canonical":"https:\/\/ntkcuttingtools.com\/es\/acerca-de-ntk-cutting-tools\/politica-de-privacidad\/","og_locale":"es_ES","og_type":"article","og_title":"Pol\u00edtica de privacidad - NTK Cutting Tools","og_description":"Tratamiento de datos personales Pol\u00edticas de protecci\u00f3n de datos personales NTK CUTTING TOOLS Co. Ltd. (en lo sucesivo, &#8220;nuestro Grupo&#8221;) reconocen la importancia de la informaci\u00f3n personal, han establecido una Pol\u00edtica de Privacidad y cumplen estrictamente esta Pol\u00edtica con el fin de garantizar una adquisici\u00f3n, uso y gesti\u00f3n seguros. 1. Informaci\u00f3n personal En esta Pol\u00edtica [&hellip;]","og_url":"https:\/\/ntkcuttingtools.com\/es\/acerca-de-ntk-cutting-tools\/politica-de-privacidad\/","og_site_name":"NTK Cutting Tools","article_publisher":"https:\/\/www.facebook.com\/TungaloyNTK","article_modified_time":"2025-03-27T05:10:17+00:00","twitter_card":"summary_large_image","twitter_misc":{"Est. reading time":"5 minutes"},"schema":{"@context":"https:\/\/schema.org","@graph":[{"@type":"WebPage","@id":"https:\/\/ntkcuttingtools.com\/es\/acerca-de-ntk-cutting-tools\/politica-de-privacidad\/","url":"https:\/\/ntkcuttingtools.com\/es\/acerca-de-ntk-cutting-tools\/politica-de-privacidad\/","name":"Pol\u00edtica de privacidad - NTK Cutting Tools","isPartOf":{"@id":"https:\/\/ntkcuttingtools.com\/es\/#website"},"datePublished":"2024-10-08T16:57:04+00:00","dateModified":"2025-03-27T05:10:17+00:00","breadcrumb":{"@id":"https:\/\/ntkcuttingtools.com\/es\/acerca-de-ntk-cutting-tools\/politica-de-privacidad\/#breadcrumb"},"inLanguage":"es-ES","potentialAction":[{"@type":"ReadAction","target":["https:\/\/ntkcuttingtools.com\/es\/acerca-de-ntk-cutting-tools\/politica-de-privacidad\/"]}]},{"@type":"BreadcrumbList","@id":"https:\/\/ntkcuttingtools.com\/es\/acerca-de-ntk-cutting-tools\/politica-de-privacidad\/#breadcrumb","itemListElement":[{"@type":"ListItem","position":1,"name":"Inicio","item":"https:\/\/ntkcuttingtools.com\/es\/"},{"@type":"ListItem","position":2,"name":"Acerca de NTK Cutting Tools","item":"https:\/\/ntkcuttingtools.com\/es\/acerca-de-ntk-cutting-tools\/"},{"@type":"ListItem","position":3,"name":"Pol\u00edtica de privacidad"}]},{"@type":"WebSite","@id":"https:\/\/ntkcuttingtools.com\/es\/#website","url":"https:\/\/ntkcuttingtools.com\/es\/","name":"NTK Cutting Tools","description":"","publisher":{"@id":"https:\/\/ntkcuttingtools.com\/es\/#organization"},"potentialAction":[{"@type":"SearchAction","target":{"@type":"EntryPoint","urlTemplate":"https:\/\/ntkcuttingtools.com\/es\/?s={search_term_string}"},"query-input":{"@type":"PropertyValueSpecification","valueRequired":true,"valueName":"search_term_string"}}],"inLanguage":"es-ES"},{"@type":"Organization","@id":"https:\/\/ntkcuttingtools.com\/es\/#organization","name":"NTK Cutting Tools","url":"https:\/\/ntkcuttingtools.com\/es\/","logo":{"@type":"ImageObject","inLanguage":"es-ES","@id":"https:\/\/ntkcuttingtools.com\/es\/#\/schema\/logo\/image\/","url":"https:\/\/ntkcuttingtools.com\/wpdata\/wp-content\/uploads\/2024\/11\/favicon.png","contentUrl":"https:\/\/ntkcuttingtools.com\/wpdata\/wp-content\/uploads\/2024\/11\/favicon.png","width":512,"height":512,"caption":"NTK Cutting Tools"},"image":{"@id":"https:\/\/ntkcuttingtools.com\/es\/#\/schema\/logo\/image\/"},"sameAs":["https:\/\/www.facebook.com\/TungaloyNTK","https:\/\/www.linkedin.com\/company\/tungaloyntkamerica\/","https:\/\/www.instagram.com\/tungaloyntkamerica\/","https:\/\/www.youtube.com\/user\/NTKCUTTINGTOOLS"]}]}},"_links":{"self":[{"href":"https:\/\/ntkcuttingtools.com\/es\/wp-json\/wp\/v2\/pages\/18130","targetHints":{"allow":["GET"]}}],"collection":[{"href":"https:\/\/ntkcuttingtools.com\/es\/wp-json\/wp\/v2\/pages"}],"about":[{"href":"https:\/\/ntkcuttingtools.com\/es\/wp-json\/wp\/v2\/types\/page"}],"author":[{"embeddable":true,"href":"https:\/\/ntkcuttingtools.com\/es\/wp-json\/wp\/v2\/users\/1"}],"replies":[{"embeddable":true,"href":"https:\/\/ntkcuttingtools.com\/es\/wp-json\/wp\/v2\/comments?post=18130"}],"version-history":[{"count":1,"href":"https:\/\/ntkcuttingtools.com\/es\/wp-json\/wp\/v2\/pages\/18130\/revisions"}],"predecessor-version":[{"id":18132,"href":"https:\/\/ntkcuttingtools.com\/es\/wp-json\/wp\/v2\/pages\/18130\/revisions\/18132"}],"up":[{"embeddable":true,"href":"https:\/\/ntkcuttingtools.com\/es\/wp-json\/wp\/v2\/pages\/18150"}],"wp:attachment":[{"href":"https:\/\/ntkcuttingtools.com\/es\/wp-json\/wp\/v2\/media?parent=18130"}],"curies":[{"name":"wp","href":"https:\/\/api.w.org\/{rel}","templated":true}]}}